{"id":1401,"date":"2017-01-13T10:31:31","date_gmt":"2017-01-13T09:31:31","guid":{"rendered":"http:\/\/2017.bordeaux.wordcamp.org\/?page_id=1401"},"modified":"2017-01-27T15:24:32","modified_gmt":"2017-01-27T14:24:32","slug":"programme","status":"publish","type":"page","link":"https:\/\/bordeaux.wordcamp.org\/2017\/programme\/","title":{"rendered":"Programme"},"content":{"rendered":"<table class=\"wcpt-schedule\" border=\"0\"><thead><tr><th class=\"wcpt-col-time\">Heure<\/th><th class=\"wcpt-col-track\"> <span class=\"wcpt-track-name\">Amphi Brisbane<\/span> <span class=\"wcpt-track-description\"><\/span> <\/th><th class=\"wcpt-col-track\"> <span class=\"wcpt-track-name\">Salle Brasilia<\/span> <span class=\"wcpt-track-description\"><\/span> <\/th><\/tr><\/thead><tbody><tr class=\"wcpt-time-0800 global-session accueil\"><td class=\"wcpt-time\">08:00<\/td><td colspan=\"2\" class=\"wcb-track-brisbane wcb-track-brasilia wcpt-session-type-custom wcb-session-accueil\" data-track-title=\"Amphi Brisbane, Salle Brasilia\" data-session-id=\"1527\"><div class=\"wcb-session-cell-content\"><span class=\"wcpt-session-title\">ACCUEIL<\/span><\/div><\/td><\/tr><tr class=\"wcpt-time-0845 global-session confrence-douverture\"><td class=\"wcpt-time\">08:45<\/td><td colspan=\"2\" class=\"wcb-track-brisbane wcb-track-brasilia wcpt-session-type-custom wcb-session-conference-ouverture\" data-track-title=\"Amphi Brisbane, Salle Brasilia\" data-session-id=\"1410\"><div class=\"wcb-session-cell-content\"><span class=\"wcpt-session-title\">Conf\u00e9rence d\u2019ouverture<\/span><\/div><\/td><\/tr><tr class=\"wcpt-time-0900\"><td class=\"wcpt-time\">09:00<\/td><td colspan=\"1\" class=\"wcb-speaker-elie-sloim wcb-track-brisbane wcpt-session-type-session wcb-session-qualite-web\" data-track-title=\"Amphi Brisbane\" data-session-id=\"1827\"><div class=\"wcb-session-cell-content\"><a class=\"wcpt-session-title\" href=\"https:\/\/bordeaux.wordcamp.org\/2017\/session\/qualite-web\/\">Qualit\u00e9 web, bonnes pratiques et CMS<\/a> <span class=\"wcpt-session-speakers\"><a href=\"https:\/\/bordeaux.wordcamp.org\/2017\/speaker\/elie-sloim\/\">Elie Slo\u00efm<\/a><\/span><\/div><div class=\"wcb-session-favourite-icon\"><a href=\"#\" role=\"button\" class=\"fav-session-button\" aria-pressed=\"false\"><span class=\"screen-reader-text\">Session pr\u00e9f\u00e9r\u00e9e\u00a0: Qualit\u00e9 web, bonnes pratiques et CMS<\/span><span class=\"dashicons dashicons-star-filled\"><\/span><\/a><\/div><\/td><td colspan=\"1\" class=\"wcb-speaker-benoit-mercusot wcb-track-brasilia wcpt-session-type-session wcb-session-freelance-wordpress-quelle-offre-et-quel-business-model-en-2017\" data-track-title=\"Salle Brasilia\" data-session-id=\"1829\"><div class=\"wcb-session-cell-content\"><a class=\"wcpt-session-title\" href=\"https:\/\/bordeaux.wordcamp.org\/2017\/session\/freelance-wordpress-quelle-offre-et-quel-business-model-en-2017\/\">Freelance WordPress : quelle offre et quel business model en 2017 ?<\/a> <span class=\"wcpt-session-speakers\"><a href=\"https:\/\/bordeaux.wordcamp.org\/2017\/speaker\/benoit-mercusot\/\">Benoit Mercusot<\/a><\/span><\/div><div class=\"wcb-session-favourite-icon\"><a href=\"#\" role=\"button\" class=\"fav-session-button\" aria-pressed=\"false\"><span class=\"screen-reader-text\">Session pr\u00e9f\u00e9r\u00e9e\u00a0: Freelance WordPress : quelle offre et quel business model en 2017 ?<\/span><span class=\"dashicons dashicons-star-filled\"><\/span><\/a><\/div><\/td><\/tr><tr class=\"wcpt-time-1000\"><td class=\"wcpt-time\">10:00<\/td><td colspan=\"1\" class=\"wcb-speaker-gabrielle-denis wcb-track-brisbane wcpt-session-type-session wcb-session-comment-animer-un-blog-dentreprise\" data-track-title=\"Amphi Brisbane\" data-session-id=\"1831\"><div class=\"wcb-session-cell-content\"><a class=\"wcpt-session-title\" href=\"https:\/\/bordeaux.wordcamp.org\/2017\/session\/comment-animer-un-blog-dentreprise\/\">Comment animer un blog d\u2019entreprise\u00a0?<\/a> <span class=\"wcpt-session-speakers\"><a href=\"https:\/\/bordeaux.wordcamp.org\/2017\/speaker\/gabrielle-denis\/\">Gabrielle Denis<\/a><\/span><\/div><div class=\"wcb-session-favourite-icon\"><a href=\"#\" role=\"button\" class=\"fav-session-button\" aria-pressed=\"false\"><span class=\"screen-reader-text\">Session pr\u00e9f\u00e9r\u00e9e\u00a0: Comment animer un blog d\u2019entreprise\u00a0?<\/span><span class=\"dashicons dashicons-star-filled\"><\/span><\/a><\/div><\/td><td colspan=\"1\" class=\"wcb-speaker-yannick-gaultier wcb-track-brasilia wcpt-session-type-session wcb-session-accelerated-mobile-pages-amp-sur-wordpress\" data-track-title=\"Salle Brasilia\" data-session-id=\"1835\"><div class=\"wcb-session-cell-content\"><a class=\"wcpt-session-title\" href=\"https:\/\/bordeaux.wordcamp.org\/2017\/session\/accelerated-mobile-pages-amp-sur-wordpress\/\">Accelerated Mobile Pages (AMP) sur WordPress<\/a> <span class=\"wcpt-session-speakers\"><a href=\"https:\/\/bordeaux.wordcamp.org\/2017\/speaker\/yannick-gaultier\/\">Yannick Gaultier<\/a><\/span><\/div><div class=\"wcb-session-favourite-icon\"><a href=\"#\" role=\"button\" class=\"fav-session-button\" aria-pressed=\"false\"><span class=\"screen-reader-text\">Session pr\u00e9f\u00e9r\u00e9e\u00a0: Accelerated Mobile Pages (AMP) sur WordPress<\/span><span class=\"dashicons dashicons-star-filled\"><\/span><\/a><\/div><\/td><\/tr><tr class=\"wcpt-time-1030 global-session pause\"><td class=\"wcpt-time\">10:30<\/td><td colspan=\"2\" class=\"wcb-track-brisbane wcb-track-brasilia wcpt-session-type-custom wcb-session-pause\" data-track-title=\"Amphi Brisbane, Salle Brasilia\" data-session-id=\"1418\"><div class=\"wcb-session-cell-content\"><span class=\"wcpt-session-title\">PAUSE<\/span><\/div><\/td><\/tr><tr class=\"wcpt-time-1100\"><td class=\"wcpt-time\">11:00<\/td><td colspan=\"1\" class=\"wcb-speaker-remi-corson wcb-track-brisbane wcpt-session-type-session wcb-session-faire-du-e-commerce-en-france-avec-wordpress\" data-track-title=\"Amphi Brisbane\" data-session-id=\"1820\"><div class=\"wcb-session-cell-content\"><a class=\"wcpt-session-title\" href=\"https:\/\/bordeaux.wordcamp.org\/2017\/session\/faire-du-e-commerce-en-france-avec-wordpress\/\">Faire du e-commerce en France avec WordPress<\/a> <span class=\"wcpt-session-speakers\"><a href=\"https:\/\/bordeaux.wordcamp.org\/2017\/speaker\/remi-corson\/\">R\u00e9mi Corson<\/a><\/span><\/div><div class=\"wcb-session-favourite-icon\"><a href=\"#\" role=\"button\" class=\"fav-session-button\" aria-pressed=\"false\"><span class=\"screen-reader-text\">Session pr\u00e9f\u00e9r\u00e9e\u00a0: Faire du e-commerce en France avec WordPress<\/span><span class=\"dashicons dashicons-star-filled\"><\/span><\/a><\/div><\/td><td colspan=\"1\" class=\"wcb-speaker-maxime-culea wcb-track-brasilia wcpt-session-type-session wcb-session-le-multilinguisme-dans-wordpress\" data-track-title=\"Salle Brasilia\" data-session-id=\"1837\"><div class=\"wcb-session-cell-content\"><a class=\"wcpt-session-title\" href=\"https:\/\/bordeaux.wordcamp.org\/2017\/session\/le-multilinguisme-dans-wordpress\/\">Le multilinguisme dans WordPress<\/a> <span class=\"wcpt-session-speakers\"><a href=\"https:\/\/bordeaux.wordcamp.org\/2017\/speaker\/maxime-culea\/\">Maxime Culea<\/a><\/span><\/div><div class=\"wcb-session-favourite-icon\"><a href=\"#\" role=\"button\" class=\"fav-session-button\" aria-pressed=\"false\"><span class=\"screen-reader-text\">Session pr\u00e9f\u00e9r\u00e9e\u00a0: Le multilinguisme dans WordPress<\/span><span class=\"dashicons dashicons-star-filled\"><\/span><\/a><\/div><\/td><\/tr><tr class=\"wcpt-time-1200\"><td class=\"wcpt-time\">12:00<\/td><td colspan=\"1\" class=\"wcb-speaker-frederic-demarle wcb-track-brisbane wcpt-session-type-session wcb-session-les-taxinomies-un-systeme-flexible-et-puissant\" data-track-title=\"Amphi Brisbane\" data-session-id=\"1840\"><div class=\"wcb-session-cell-content\"><a class=\"wcpt-session-title\" href=\"https:\/\/bordeaux.wordcamp.org\/2017\/session\/les-taxinomies-un-systeme-flexible-et-puissant\/\">Les taxinomies, un syst\u00e8me flexible et puissant<\/a> <span class=\"wcpt-session-speakers\"><a href=\"https:\/\/bordeaux.wordcamp.org\/2017\/speaker\/frederic-demarle\/\">Fr\u00e9d\u00e9ric Demarle<\/a><\/span><\/div><div class=\"wcb-session-favourite-icon\"><a href=\"#\" role=\"button\" class=\"fav-session-button\" aria-pressed=\"false\"><span class=\"screen-reader-text\">Session pr\u00e9f\u00e9r\u00e9e\u00a0: Les taxinomies, un syst\u00e8me flexible et puissant<\/span><span class=\"dashicons dashicons-star-filled\"><\/span><\/a><\/div><\/td><td colspan=\"1\" class=\"wcb-speaker-benoit-tostain wcb-track-brasilia wcpt-session-type-session wcb-session-comment-transformer-wordpress-en-portail-de-formation\" data-track-title=\"Salle Brasilia\" data-session-id=\"1832\"><div class=\"wcb-session-cell-content\"><a class=\"wcpt-session-title\" href=\"https:\/\/bordeaux.wordcamp.org\/2017\/session\/comment-transformer-wordpress-en-portail-de-formation\/\">Comment transformer WordPress en portail de formation<\/a> <span class=\"wcpt-session-speakers\"><a href=\"https:\/\/bordeaux.wordcamp.org\/2017\/speaker\/benoit-tostain\/\">Benoit Tostain<\/a><\/span><\/div><div class=\"wcb-session-favourite-icon\"><a href=\"#\" role=\"button\" class=\"fav-session-button\" aria-pressed=\"false\"><span class=\"screen-reader-text\">Session pr\u00e9f\u00e9r\u00e9e\u00a0: Comment transformer WordPress en portail de formation<\/span><span class=\"dashicons dashicons-star-filled\"><\/span><\/a><\/div><\/td><\/tr><tr class=\"wcpt-time-1230 global-session djeuner\"><td class=\"wcpt-time\">12:30<\/td><td colspan=\"2\" class=\"wcb-track-brisbane wcb-track-brasilia wcpt-session-type-custom wcb-session-dejeuner\" data-track-title=\"Amphi Brisbane, Salle Brasilia\" data-session-id=\"1903\"><div class=\"wcb-session-cell-content\"><span class=\"wcpt-session-title\">D\u00c9JEUNER<\/span><\/div><\/td><\/tr><tr class=\"wcpt-time-1400\"><td class=\"wcpt-time\">14:00<\/td><td colspan=\"1\" class=\"wcb-speaker-jenny-beaumont wcb-track-brisbane wcpt-session-type-session wcb-session-zen-et-lart-de-la-contribution\" data-track-title=\"Amphi Brisbane\" data-session-id=\"1843\"><div class=\"wcb-session-cell-content\"><a class=\"wcpt-session-title\" href=\"https:\/\/bordeaux.wordcamp.org\/2017\/session\/zen-et-lart-de-la-contribution\/\">Zen et l\u2019art de la contribution<\/a> <span class=\"wcpt-session-speakers\"><a href=\"https:\/\/bordeaux.wordcamp.org\/2017\/speaker\/jenny-beaumont\/\">Jenny Beaumont<\/a><\/span><\/div><div class=\"wcb-session-favourite-icon\"><a href=\"#\" role=\"button\" class=\"fav-session-button\" aria-pressed=\"false\"><span class=\"screen-reader-text\">Session pr\u00e9f\u00e9r\u00e9e\u00a0: Zen et l\u2019art de la contribution<\/span><span class=\"dashicons dashicons-star-filled\"><\/span><\/a><\/div><\/td><td colspan=\"1\" class=\"wcb-speaker-willy-bahuaud wcb-track-brasilia wcpt-session-type-session wcb-session-migration-de-donnees-destination-wordpress\" data-track-title=\"Salle Brasilia\" data-session-id=\"1846\"><div class=\"wcb-session-cell-content\"><a class=\"wcpt-session-title\" href=\"https:\/\/bordeaux.wordcamp.org\/2017\/session\/migration-de-donnees-destination-wordpress\/\">Migration de donn\u00e9es\u2026 destination WordPress\u00a0!<\/a> <span class=\"wcpt-session-speakers\"><a href=\"https:\/\/bordeaux.wordcamp.org\/2017\/speaker\/willy-bahuaud\/\">Willy Bahuaud<\/a><\/span><\/div><div class=\"wcb-session-favourite-icon\"><a href=\"#\" role=\"button\" class=\"fav-session-button\" aria-pressed=\"false\"><span class=\"screen-reader-text\">Session pr\u00e9f\u00e9r\u00e9e\u00a0: Migration de donn\u00e9es\u2026 destination WordPress\u00a0!<\/span><span class=\"dashicons dashicons-star-filled\"><\/span><\/a><\/div><\/td><\/tr><tr class=\"wcpt-time-1500\"><td class=\"wcpt-time\">15:00<\/td><td colspan=\"1\" class=\"wcb-speaker-nicolas-creanico wcb-track-brisbane wcpt-session-type-session wcb-session-les-points-importants-pour-un-seo-pertinent-avec-wordpress\" data-track-title=\"Amphi Brisbane\" data-session-id=\"1848\"><div class=\"wcb-session-cell-content\"><a class=\"wcpt-session-title\" href=\"https:\/\/bordeaux.wordcamp.org\/2017\/session\/les-points-importants-pour-un-seo-pertinent-avec-wordpress\/\">Les points importants pour un SEO pertinent avec WordPress<\/a> <span class=\"wcpt-session-speakers\"><a href=\"https:\/\/bordeaux.wordcamp.org\/2017\/speaker\/nicolas-creanico\/\">Nicolas CreaNico<\/a><\/span><\/div><div class=\"wcb-session-favourite-icon\"><a href=\"#\" role=\"button\" class=\"fav-session-button\" aria-pressed=\"false\"><span class=\"screen-reader-text\">Session pr\u00e9f\u00e9r\u00e9e\u00a0: Les points importants pour un SEO pertinent avec WordPress<\/span><span class=\"dashicons dashicons-star-filled\"><\/span><\/a><\/div><\/td><td colspan=\"1\" class=\"wcb-speaker-sebastien-grillot wcb-track-brasilia wcpt-session-type-session wcb-session-wordpress-journaux-gratuits-fusionner-sa-politique-online-et-print\" data-track-title=\"Salle Brasilia\" data-session-id=\"1850\"><div class=\"wcb-session-cell-content\"><a class=\"wcpt-session-title\" href=\"https:\/\/bordeaux.wordcamp.org\/2017\/session\/wordpress-journaux-gratuits-fusionner-sa-politique-online-et-print\/\">WordPress \/ Journaux Gratuits : Fusionner sa politique online et print<\/a> <span class=\"wcpt-session-speakers\"><a href=\"https:\/\/bordeaux.wordcamp.org\/2017\/speaker\/sebastien-grillot\/\">S\u00e9bastien Grillot<\/a><\/span><\/div><div class=\"wcb-session-favourite-icon\"><a href=\"#\" role=\"button\" class=\"fav-session-button\" aria-pressed=\"false\"><span class=\"screen-reader-text\">Session pr\u00e9f\u00e9r\u00e9e\u00a0: WordPress \/ Journaux Gratuits : Fusionner sa politique online et print<\/span><span class=\"dashicons dashicons-star-filled\"><\/span><\/a><\/div><\/td><\/tr><tr class=\"wcpt-time-1600 global-session pause\"><td class=\"wcpt-time\">16:00<\/td><td colspan=\"2\" class=\"wcb-track-brisbane wcb-track-brasilia wcpt-session-type-custom wcb-session-pause-2\" data-track-title=\"Amphi Brisbane, Salle Brasilia\" data-session-id=\"1897\"><div class=\"wcb-session-cell-content\"><span class=\"wcpt-session-title\">PAUSE<\/span><\/div><\/td><\/tr><tr class=\"wcpt-time-1630\"><td class=\"wcpt-time\">16:30<\/td><td colspan=\"1\" class=\"wcb-speaker-thomas-villain wcb-track-brisbane wcpt-session-type-session wcb-session-pourquoi-coder-son-propre-theme-wordpress\" data-track-title=\"Amphi Brisbane\" data-session-id=\"1852\"><div class=\"wcb-session-cell-content\"><a class=\"wcpt-session-title\" href=\"https:\/\/bordeaux.wordcamp.org\/2017\/session\/pourquoi-coder-son-propre-theme-wordpress\/\">Pourquoi coder son propre th\u00e8me WordPress ?<\/a> <span class=\"wcpt-session-speakers\"><a href=\"https:\/\/bordeaux.wordcamp.org\/2017\/speaker\/thomas-villain\/\">Thomas Villain<\/a><\/span><\/div><div class=\"wcb-session-favourite-icon\"><a href=\"#\" role=\"button\" class=\"fav-session-button\" aria-pressed=\"false\"><span class=\"screen-reader-text\">Session pr\u00e9f\u00e9r\u00e9e\u00a0: Pourquoi coder son propre th\u00e8me WordPress ?<\/span><span class=\"dashicons dashicons-star-filled\"><\/span><\/a><\/div><\/td><td colspan=\"1\" class=\"wcb-speaker-fred-mandrea wcb-track-brasilia wcpt-session-type-session wcb-session-et-si-wordpress-devenait-votre-systeme-dinformation\" data-track-title=\"Salle Brasilia\" data-session-id=\"1905\"><div class=\"wcb-session-cell-content\"><a class=\"wcpt-session-title\" href=\"https:\/\/bordeaux.wordcamp.org\/2017\/session\/et-si-wordpress-devenait-votre-systeme-dinformation\/\">Et si WordPress devenait votre syst\u00e8me d&rsquo;information ?<\/a> <span class=\"wcpt-session-speakers\"><a href=\"https:\/\/bordeaux.wordcamp.org\/2017\/speaker\/fred-mandrea\/\">Fred Mandrea<\/a><\/span><\/div><div class=\"wcb-session-favourite-icon\"><a href=\"#\" role=\"button\" class=\"fav-session-button\" aria-pressed=\"false\"><span class=\"screen-reader-text\">Session pr\u00e9f\u00e9r\u00e9e\u00a0: Et si WordPress devenait votre syst\u00e8me d&rsquo;information ?<\/span><span class=\"dashicons dashicons-star-filled\"><\/span><\/a><\/div><\/td><\/tr><tr class=\"wcpt-time-1730\"><td class=\"wcpt-time\">17:30<\/td><td colspan=\"1\" class=\"wcb-speaker-jessy-diandra wcb-track-brisbane wcpt-session-type-session wcb-session-les-reseaux-sociaux-au-service-de-mon-site\" data-track-title=\"Amphi Brisbane\" data-session-id=\"1854\"><div class=\"wcb-session-cell-content\"><a class=\"wcpt-session-title\" href=\"https:\/\/bordeaux.wordcamp.org\/2017\/session\/les-reseaux-sociaux-au-service-de-mon-site\/\">Les r\u00e9seaux sociaux au service de mon site<\/a> <span class=\"wcpt-session-speakers\"><a href=\"https:\/\/bordeaux.wordcamp.org\/2017\/speaker\/jessy-diandra\/\">Jessy Diandra<\/a><\/span><\/div><div class=\"wcb-session-favourite-icon\"><a href=\"#\" role=\"button\" class=\"fav-session-button\" aria-pressed=\"false\"><span class=\"screen-reader-text\">Session pr\u00e9f\u00e9r\u00e9e\u00a0: Les r\u00e9seaux sociaux au service de mon site<\/span><span class=\"dashicons dashicons-star-filled\"><\/span><\/a><\/div><\/td><td colspan=\"1\" class=\"wcb-speaker-julio-potier wcb-track-brasilia wcpt-session-type-session wcb-session-mise-a-jour-sur-la-securite-de-wordpress\" data-track-title=\"Salle Brasilia\" data-session-id=\"1856\"><div class=\"wcb-session-cell-content\"><a class=\"wcpt-session-title\" href=\"https:\/\/bordeaux.wordcamp.org\/2017\/session\/mise-a-jour-sur-la-securite-de-wordpress\/\">Mise \u00e0 jour sur la s\u00e9curit\u00e9 de WordPress<\/a> <span class=\"wcpt-session-speakers\"><a href=\"https:\/\/bordeaux.wordcamp.org\/2017\/speaker\/julio-potier\/\">Julio Potier<\/a><\/span><\/div><div class=\"wcb-session-favourite-icon\"><a href=\"#\" role=\"button\" class=\"fav-session-button\" aria-pressed=\"false\"><span class=\"screen-reader-text\">Session pr\u00e9f\u00e9r\u00e9e\u00a0: Mise \u00e0 jour sur la s\u00e9curit\u00e9 de WordPress<\/span><span class=\"dashicons dashicons-star-filled\"><\/span><\/a><\/div><\/td><\/tr><tr class=\"wcpt-time-1800 global-session confrence-de-clture\"><td class=\"wcpt-time\">18:00<\/td><td colspan=\"2\" class=\"wcb-track-brisbane wcb-track-brasilia wcpt-session-type-custom wcb-session-conference-de-cloture\" data-track-title=\"Amphi Brisbane, Salle Brasilia\" data-session-id=\"1901\"><div class=\"wcb-session-cell-content\"><span class=\"wcpt-session-title\">Conf\u00e9rence de cl\u00f4ture<\/span><\/div><\/td><\/tr><\/tbody><\/table>\n\t<div class=\"email-form fav-session-email-form-hide\">\n\t\t<!-- Tab links -->\n\t\t<div class=\"fav-session-share-tab\">\n\t\t\t\t\t\t\t<div class=\"fav-session-tablinks\" id=\"fav-session-btn-email\">\n\t\t\t\t\tE-mail\t\t\t\t<\/div>\n\t\t\t\n\t\t\t<div class=\"fav-session-tablinks\" id=\"fav-session-btn-link\">\n\t\t\t\tLien\t\t\t<\/div>\n\n\t\t\t<div class=\"fav-session-tablinks\" id=\"fav-session-btn-print\">\n\t\t\t\tImprimer\t\t\t<\/div>\n\t\t<\/div>\n\n\t\t<!-- Tab content -->\n\t\t\t\t\t<div id=\"fav-session-tab-email\" class=\"fav-session-share-tabcontent\">\n\t\t\t\t<div id=\"fav-session-email-form\">\n\t\t\t\t\tM\u2019envoyer mes sessions favorites\u00a0:\n\t\t\t\t\t<form id=\"fav-sessions-form\">\n\t\t\t\t\t\t<input\n\t\t\t\t\t\t\ttype=\"text\"\n\t\t\t\t\t\t\tname=\"email_address\"\n\t\t\t\t\t\t\tid=\"fav-sessions-email-address\"\n\t\t\t\t\t\t\tplaceholder=\"me@protonmail.com\"\n\t\t\t\t\t\t\/>\n\t\t\t\t\t\t<input type=\"submit\" value=\"Envoyer\" \/>\n\t\t\t\t\t<\/form>\n\t\t\t\t<\/div>\n\n\t\t\t\t<div class=\"fav-session-email-wait-spinner\"><\/div>\n\t\t\t\t<div class=\"fav-session-email-result\"><\/div>\n\t\t\t<\/div>\n\t\t\n\t\t<div id=\"fav-session-tab-link\" class=\"fav-session-share-tabcontent\">\n\t\t\tLien partageable\u00a0:\t\t\t<br \/>\n\t\t\t<a id=\"fav-sessions-link\" href=\"\"><\/a>\n\t\t<\/div>\n\n\t\t<div id=\"fav-session-tab-print\" class=\"fav-session-share-tabcontent\">\n\t\t\t<button id=\"fav-session-print\">\n\t\t\t\tAfficher les sessions favorites\t\t\t<\/button>\n\t\t<\/div>\n\t<\/div>\n\n\t<a class=\"show-email-form\" href=\"javascript:\">\n\t\t<span class=\"dashicons dashicons-star-filled\"><\/span>\n\t\t<span class=\"dashicons dashicons-email-alt\"><\/span>\n\t<\/a>\n\n\t\n","protected":false},"excerpt":{"rendered":"","protected":false},"author":13107811,"featured_media":0,"parent":0,"menu_order":0,"comment_status":"closed","ping_status":"closed","template":"","meta":{"jetpack_post_was_ever_published":false,"footnotes":""},"class_list":["post-1401","page","type-page","status-publish","hentry"],"jetpack_sharing_enabled":true,"jetpack_shortlink":"https:\/\/wp.me\/P873k8-mB","_links":{"self":[{"href":"https:\/\/bordeaux.wordcamp.org\/2017\/wp-json\/wp\/v2\/pages\/1401","targetHints":{"allow":["GET"]}}],"collection":[{"href":"https:\/\/bordeaux.wordcamp.org\/2017\/wp-json\/wp\/v2\/pages"}],"about":[{"href":"https:\/\/bordeaux.wordcamp.org\/2017\/wp-json\/wp\/v2\/types\/page"}],"author":[{"embeddable":true,"href":"https:\/\/bordeaux.wordcamp.org\/2017\/wp-json\/wp\/v2\/users\/13107811"}],"replies":[{"embeddable":true,"href":"https:\/\/bordeaux.wordcamp.org\/2017\/wp-json\/wp\/v2\/comments?post=1401"}],"version-history":[{"count":9,"href":"https:\/\/bordeaux.wordcamp.org\/2017\/wp-json\/wp\/v2\/pages\/1401\/revisions"}],"predecessor-version":[{"id":2018,"href":"https:\/\/bordeaux.wordcamp.org\/2017\/wp-json\/wp\/v2\/pages\/1401\/revisions\/2018"}],"wp:attachment":[{"href":"https:\/\/bordeaux.wordcamp.org\/2017\/wp-json\/wp\/v2\/media?parent=1401"}],"curies":[{"name":"wp","href":"https:\/\/api.w.org\/{rel}","templated":true}]}}