{"id":1742,"date":"2017-01-24T19:32:46","date_gmt":"2017-01-24T18:32:46","guid":{"rendered":"http:\/\/2017.bordeaux.wordcamp.org\/?page_id=1742"},"modified":"2017-01-24T19:43:47","modified_gmt":"2017-01-24T18:43:47","slug":"le-lieu","status":"publish","type":"page","link":"https:\/\/bordeaux.wordcamp.org\/2017\/le-lieu\/","title":{"rendered":"Le lieu"},"content":{"rendered":"<h2>La Cit\u00e9 Mondiale &#8211; Centre des Congr\u00e8s<\/h2>\n<p><img data-recalc-dims=\"1\" loading=\"lazy\" decoding=\"async\" class=\"wp-image-1396 size-full aligncenter\" src=\"https:\/\/i0.wp.com\/2017.bordeaux.wordcamp.org\/files\/2017\/01\/30029152321_bab89a34ef_z.jpg?resize=740%2C492\" width=\"740\" height=\"492\" srcset=\"https:\/\/i0.wp.com\/bordeaux.wordcamp.org\/2017\/files\/2017\/01\/30029152321_bab89a34ef_z.jpg?w=640&amp;ssl=1 640w, https:\/\/i0.wp.com\/bordeaux.wordcamp.org\/2017\/files\/2017\/01\/30029152321_bab89a34ef_z.jpg?resize=300%2C200&amp;ssl=1 300w, https:\/\/i0.wp.com\/bordeaux.wordcamp.org\/2017\/files\/2017\/01\/30029152321_bab89a34ef_z.jpg?resize=451%2C300&amp;ssl=1 451w, https:\/\/i0.wp.com\/bordeaux.wordcamp.org\/2017\/files\/2017\/01\/30029152321_bab89a34ef_z.jpg?resize=624%2C415&amp;ssl=1 624w\" sizes=\"auto, (max-width: 740px) 100vw, 740px\" \/><\/p>\n<p>Situ\u00e9 en plein c\u0153ur de la ville et ais\u00e9ment accessible, le Centre des Congr\u00e8s\u00a0Cit\u00e9 Mondiale offre plusieurs espaces afin de profiter pleinement d&rsquo;une journ\u00e9e riche en conf\u00e9rences, ateliers et \u00e9changes.<\/p>\n<h2>Adresse<\/h2>\n<p><strong>Cit\u00e9 Mondiale &#8211; Centre des Congr\u00e8s<\/strong><br \/>\n18 Parvis des Chartrons, 20 quais des Chartrons, 33080 Bordeaux<br \/>\nSamedi 18 mars 2017<br \/>\nde 9H \u00e0 18H<\/p>\n<p>Le plan ci-dessous est annot\u00e9, pour vous proposer les arr\u00eats de tram, batcub, parkings et parc-relais les plus proches et pratiques pour acc\u00e9der \u00e0 Bordeaux centre.<\/p>\n<div class=\"googlemaps\">\n\t\t\t\t<iframe loading=\"lazy\" width=\"950\" height=\"630\" frameborder=\"0\" scrolling=\"no\" marginheight=\"0\" marginwidth=\"0\"  src=\"https:\/\/www.google.com\/maps\/d\/embed?mid=1MuxOdTQyck63ucBtvHyrPKUgQAE\"><\/iframe>\n\t\t\t<\/div>\n<h2>Pour vous y rendre\u2026<\/h2>\n<p>La Gare Saint-Jean se situe \u00e0 une\u00a0distance de marche d&rsquo;environ 40 minutes du centre-ville, pour les bons marcheurs. Pour les amateurs de v\u00e9lo, <a href=\"https:\/\/www.infotbm.com\/le-reseau-tbc\/tbc-decouverte\/vcub\" target=\"_blank\">sachez que deux stations V<sup>3<\/sup> sont situ\u00e9es en face de la Gare Saint Jean<\/a>, et que de nombreuses stations maillent la ville.<\/p>\n<h3>Depuis la Gare Saint-Jean \/ Les transports en commun<\/h3>\n<p>Le r\u00e9seau de Transports Bordeaux M\u00e9tropole dessert tr\u00e8s bien la Gare Saint-Jean : <strong>prenez le tram C, l&rsquo;arr\u00eat est situ\u00e9 juste devant la gare<\/strong>, le tram y passe environ toutes les cinq minutes. Vous y trouverez \u00e9galement de nombreux arr\u00eats de bus.<\/p>\n<p>Pour vous rendre \u00e0 la Cit\u00e9 Mondiale, prenez le <strong>Tram B, arr\u00eat CAPC.<\/strong><\/p>\n<p>&rarr;&nbsp;<a href=\"https:\/\/www.infotbm.com\" target=\"_blank\">Plus d&rsquo;infos sur le site TBM<\/a><\/p>\n<h3>Parkings<\/h3>\n<p>Relativement chers et souvent pleins le week-end, nous vous d\u00e9conseillons les parkings du centre-ville. Par contre, des <a href=\"https:\/\/www.infotbm.com\/les-parc-relais-tout-public\"><strong>parcs-relais<\/strong><\/a> situ\u00e9s non loin du centre vous permettront de vous garer sereinement et de prendre imm\u00e9diatement le tram qui vous am\u00e8nera au centre de Bordeaux. C&rsquo;est tr\u00e8s facile et peu co\u00fbteux.<br \/>\n &rarr;&nbsp;<a href=\"https:\/\/www.infotbm.com\/les-parc-relais-tout-public\" target=\"_blank\">Plus d&rsquo;infos sur le site TBM<\/a><\/p>\n<h3>Depuis l&rsquo;a\u00e9roport<\/h3>\n<p>Bordeaux est une m\u00e9gapole qui accueille un bel a\u00e9roport \u00e0 M\u00e9rignac, lui aussi desservi par le r\u00e9seau de transports en commun.<br \/>\n &rarr;&nbsp;<a href=\"http:\/\/www.bordeaux.aeroport.fr\/fr\/info\/bus-laeroport-bordeaux\" target=\"_blank\">Plus d&rsquo;infos<\/a> pour vous rendre au centre-ville depuis l&rsquo;a\u00e9roport.<\/p>\n<h2>Vous loger \u00e0 Bordeaux<\/h2>\n<p>Plusieurs possibilit\u00e9s pour s\u00e9journer \u00e0 Bordeaux : h\u00f4tels, <a href=\"https:\/\/www.airbnb.fr\/\" target=\"_blank\">Airbnb<\/a>, locations\u2026 <strong>L&rsquo;Office du Tourisme de Bordeaux propose <a href=\"http:\/\/www.bordeaux-tourisme.com\/offre\/recherche\/hotels-et-residences-hotelieres\/1\/~~\/(page)\/1\" target=\"_blank\">une s\u00e9lection assez large d&rsquo;h\u00f4tels sur son site web<\/a><\/strong>, nous vous recommandons simplement d&rsquo;\u00e9viter le quartier de la Gare, assez bruyant.<\/p>\n<p><strong>Vous n&rsquo;avez toujours pas r\u00e9serv\u00e9 votre place pour WordCamp Bordeaux 2017 ? Qu&rsquo;attendez-vous ?<\/strong><\/p>\n<p><a href=\"https:\/\/2017.bordeaux.wordcamp.org\/billets\" class=\"cta\"><span class=\"dashicons-before dashicons-tickets\">BILLETTERIE<\/span><span>C&rsquo;est parti ! \u00bb<\/span><\/a><\/p>\n<hr \/>\n<p><em>Cr\u00e9dits Photos :\u00a0\u00a9 Julien Fernandez \/ CEB &#8211; Bordeaux &#8211; Juin 2013 &#8211; Le Centre de Congr\u00e8s Cit\u00e9 Mondiale<\/em><\/p>\n","protected":false},"excerpt":{"rendered":"<p>La Cit\u00e9 Mondiale &#8211; Centre des Congr\u00e8s Situ\u00e9 en plein c\u0153ur de la ville et ais\u00e9ment accessible, le Centre des Congr\u00e8s\u00a0Cit\u00e9 Mondiale offre plusieurs espaces afin de profiter pleinement d&rsquo;une journ\u00e9e riche en conf\u00e9rences, ateliers et \u00e9changes. Adresse Cit\u00e9 Mondiale &#8211; Centre des Congr\u00e8s 18 Parvis des Chartrons, 20 quais des Chartrons, 33080 Bordeaux Samedi [&hellip;]<\/p>\n","protected":false},"author":9743859,"featured_media":0,"parent":0,"menu_order":0,"comment_status":"closed","ping_status":"closed","template":"page-templates\/full-width.php","meta":{"jetpack_post_was_ever_published":false,"footnotes":""},"class_list":["post-1742","page","type-page","status-publish","hentry"],"jetpack_sharing_enabled":true,"jetpack_shortlink":"https:\/\/wp.me\/P873k8-s6","_links":{"self":[{"href":"https:\/\/bordeaux.wordcamp.org\/2017\/wp-json\/wp\/v2\/pages\/1742","targetHints":{"allow":["GET"]}}],"collection":[{"href":"https:\/\/bordeaux.wordcamp.org\/2017\/wp-json\/wp\/v2\/pages"}],"about":[{"href":"https:\/\/bordeaux.wordcamp.org\/2017\/wp-json\/wp\/v2\/types\/page"}],"author":[{"embeddable":true,"href":"https:\/\/bordeaux.wordcamp.org\/2017\/wp-json\/wp\/v2\/users\/9743859"}],"replies":[{"embeddable":true,"href":"https:\/\/bordeaux.wordcamp.org\/2017\/wp-json\/wp\/v2\/comments?post=1742"}],"version-history":[{"count":18,"href":"https:\/\/bordeaux.wordcamp.org\/2017\/wp-json\/wp\/v2\/pages\/1742\/revisions"}],"predecessor-version":[{"id":1762,"href":"https:\/\/bordeaux.wordcamp.org\/2017\/wp-json\/wp\/v2\/pages\/1742\/revisions\/1762"}],"wp:attachment":[{"href":"https:\/\/bordeaux.wordcamp.org\/2017\/wp-json\/wp\/v2\/media?parent=1742"}],"curies":[{"name":"wp","href":"https:\/\/api.w.org\/{rel}","templated":true}]}}