{"id":2030,"date":"2017-01-30T11:10:45","date_gmt":"2017-01-30T10:10:45","guid":{"rendered":"http:\/\/2017.bordeaux.wordcamp.org\/?page_id=2030"},"modified":"2017-01-30T11:11:59","modified_gmt":"2017-01-30T10:11:59","slug":"wordcamps-kezako","status":"publish","type":"page","link":"https:\/\/bordeaux.wordcamp.org\/2017\/wordcamps-kezako\/","title":{"rendered":"WordCamps &#8211; Kezako"},"content":{"rendered":"<p>Les WordCamps sont des conf\u00e9rences occasionnelles, organis\u00e9es localement, couvrant tout ce qui touche \u00e0 <a href=\"https:\/\/fr.wordpress.org\/\">WordPress<\/a>, le logiciel de publication personnelle libre et open source qui propulse plus de 75 millions de sites Web.<\/p>\n<p>Ils prennent diff\u00e9rentes formes, fond\u00e9es sur les communaut\u00e9s locales qui les organisent, mais en g\u00e9n\u00e9ral, les WordCamps comprennent des sessions traitant de l\u2019optimisation de l\u2019utilisation de WordPress, du d\u00e9veloppement d\u2019extensions et de th\u00e8mes, de techniques avanc\u00e9es, de s\u00e9curit\u00e9, de business, etc. Pour avoir une id\u00e9e des diff\u00e9rents types de sessions auxquelles on peut g\u00e9n\u00e9ralement assister lors des\u00a0WordCamps, vous pouvez jeter un \u0153il \u00e0 la <a href=\"http:\/\/wordpress.tv\/category\/wordcamptv\/\">chaine WordCamp sur WordPress.tv<\/a>.<\/p>\n<p>Les WordCamps r\u00e9unissent un public \u00e0 l\u2019image de la communaut\u00e9 WordPress, des blogueurs d\u00e9butants, des consultants et des d\u00e9veloppeurs professionnels. Ils combinent g\u00e9n\u00e9ralement une programmation \u00e9tablie en amont avec des sessions participatives et autres activit\u00e9s. Pour plus d\u2019informations sur les \u00e9l\u00e9ments communs des WordCamps, lisez cet article en anglais expliquant <a href=\"https:\/\/central.wordcamp.org\/what-to-expect\/\">ce \u00e0 quoi vous pouvez vous attendre lors d&rsquo;un WordCamp<\/a>.<\/p>\n<p><a href=\"https:\/\/central.wordcamp.org\/wordcamps\/san-francisco-2006\/\">Le premier WordCamp<\/a> a \u00e9t\u00e9 organis\u00e9 \u00e0 San Francisco par Matt Mullenweg en 2006 et depuis, les communaut\u00e9s locales du monde entier en ont organis\u00e9 des centaines d\u2019autres.<\/p>\n<h2>Aujourd\u2019hui 653 WordCamps ont \u00e9t\u00e9 organis\u00e9s, dans 68 villes, 65 pays sur 6 continents.<\/h2>\n","protected":false},"excerpt":{"rendered":"<p>Les WordCamps sont des conf\u00e9rences occasionnelles, organis\u00e9es localement, couvrant tout ce qui touche \u00e0 WordPress, le logiciel de publication personnelle libre et open source qui propulse plus de 75 millions de sites Web. Ils prennent diff\u00e9rentes formes, fond\u00e9es sur les communaut\u00e9s locales qui les organisent, mais en g\u00e9n\u00e9ral, les WordCamps comprennent des sessions traitant de [&hellip;]<\/p>\n","protected":false},"author":13823299,"featured_media":2033,"parent":0,"menu_order":0,"comment_status":"closed","ping_status":"closed","template":"page-templates\/full-width.php","meta":{"jetpack_post_was_ever_published":false,"footnotes":""},"class_list":["post-2030","page","type-page","status-publish","has-post-thumbnail","hentry"],"jetpack_sharing_enabled":true,"jetpack_shortlink":"https:\/\/wp.me\/P873k8-wK","_links":{"self":[{"href":"https:\/\/bordeaux.wordcamp.org\/2017\/wp-json\/wp\/v2\/pages\/2030","targetHints":{"allow":["GET"]}}],"collection":[{"href":"https:\/\/bordeaux.wordcamp.org\/2017\/wp-json\/wp\/v2\/pages"}],"about":[{"href":"https:\/\/bordeaux.wordcamp.org\/2017\/wp-json\/wp\/v2\/types\/page"}],"author":[{"embeddable":true,"href":"https:\/\/bordeaux.wordcamp.org\/2017\/wp-json\/wp\/v2\/users\/13823299"}],"replies":[{"embeddable":true,"href":"https:\/\/bordeaux.wordcamp.org\/2017\/wp-json\/wp\/v2\/comments?post=2030"}],"version-history":[{"count":11,"href":"https:\/\/bordeaux.wordcamp.org\/2017\/wp-json\/wp\/v2\/pages\/2030\/revisions"}],"predecessor-version":[{"id":2043,"href":"https:\/\/bordeaux.wordcamp.org\/2017\/wp-json\/wp\/v2\/pages\/2030\/revisions\/2043"}],"wp:featuredmedia":[{"embeddable":true,"href":"https:\/\/bordeaux.wordcamp.org\/2017\/wp-json\/wp\/v2\/media\/2033"}],"wp:attachment":[{"href":"https:\/\/bordeaux.wordcamp.org\/2017\/wp-json\/wp\/v2\/media?parent=2030"}],"curies":[{"name":"wp","href":"https:\/\/api.w.org\/{rel}","templated":true}]}}