{"id":2566,"date":"2017-03-03T13:13:20","date_gmt":"2017-03-03T12:13:20","guid":{"rendered":"http:\/\/2017.bordeaux.wordcamp.org\/?page_id=2566"},"modified":"2017-03-03T13:14:26","modified_gmt":"2017-03-03T12:14:26","slug":"organisateurs","status":"publish","type":"page","link":"https:\/\/bordeaux.wordcamp.org\/2017\/organisateurs\/","title":{"rendered":"Organisateurs"},"content":{"rendered":"\t<div class=\"wcorg-organizers\">\n\n\t\t\n\t\t\t<div class=\"wcorg-organizer\">\n\t\t\t\t<h2>Fran\u00e7ois-Xavier B\u00e9nard<\/h2>\n\t\t\t\t<div class=\"wcorg-organizer-description\">\n\t\t\t\t\t\t\t\t\t\t<img alt='' src='https:\/\/secure.gravatar.com\/avatar\/03fec775ba7bbccce7139a73dd5e741fbaa2069cf384cf2c5b328d391dd82266?s=96&#038;d=mm&#038;r=g' srcset='https:\/\/secure.gravatar.com\/avatar\/03fec775ba7bbccce7139a73dd5e741fbaa2069cf384cf2c5b328d391dd82266?s=96&#038;d=mm&#038;r=g 2x' class='avatar avatar-96 photo' height='96' width='96' \/>\t\t\t\t\t<p>Responsable de la traduction officielle fran\u00e7aise de WordPress, je traduis en fran\u00e7ais tout ce qui touche \u00e0 l\u2019\u00e9cosyst\u00e8me de WordPress. De nombreux projets utilisent mes services de traducteur comme Gravity Forms, EDD, Yoast, MailPoet et bien d\u2019autres.<\/p>\n<p>Co-fondateur de WP-Translations.org, orateur au WordCamp Paris, organisateur du WordPress Translation Day, vous l\u2019avez compris je participe \u00e0 l\u2019effort de traduction de WordPress.<\/p>\n<p>Et aujourd\u2019hui organisateur du WordCamp Bordeaux.<\/p>\n\t\t\t\t<\/div>\n\t\t\t<\/div>\n\n\t\t\n\t\t\t<div class=\"wcorg-organizer\">\n\t\t\t\t<h2>Myl\u00e8ne Boyrie<\/h2>\n\t\t\t\t<div class=\"wcorg-organizer-description\">\n\t\t\t\t\t\t\t\t\t\t<img alt='' src='https:\/\/secure.gravatar.com\/avatar\/89a70a8f8978f0a0e4bc535a06090890eb652f3bfd6a3b99b529aab7007f6f97?s=96&#038;d=mm&#038;r=g' srcset='https:\/\/secure.gravatar.com\/avatar\/89a70a8f8978f0a0e4bc535a06090890eb652f3bfd6a3b99b529aab7007f6f97?s=96&#038;d=mm&#038;r=g 2x' class='avatar avatar-96 photo' height='96' width='96' \/>\t\t\t\t\t<p>Graphiste et formatrice freelance, de type \u00ab mouton \u00e0 cinq pattes \u00bb. Je me suis r\u00e9ellement mise \u00e0 WordPress en 2008, lors de la cr\u00e9ation d&rsquo;un projet perso \u2013 un webzine culturel bordelais, toujours en activit\u00e9. Depuis, je cr\u00e9e des th\u00e8mes personnalis\u00e9s pour mes clients et les conseille dans leur strat\u00e9gie de contenu ; j&rsquo;\u00e9cris des tutoriels de temps \u00e0 autres sur mon blog et de mani\u00e8re encore plus ponctuelle sur WP Channel.<\/p>\n<p>Apr\u00e8s quelques meetups \u00e0 Bordeaux et en Gironde, un petit tour au WPMX Day et au WP Tech en 2015, il \u00e9tait temps de rejoindre l&rsquo;\u00e9quipe d&rsquo;organisation du premier WordCamp Bordeaux.<\/p>\n\t\t\t\t<\/div>\n\t\t\t<\/div>\n\n\t\t\n\t\t\t<div class=\"wcorg-organizer\">\n\t\t\t\t<h2>Aur\u00e9lien Denis<\/h2>\n\t\t\t\t<div class=\"wcorg-organizer-description\">\n\t\t\t\t\t\t\t\t\t\t<img alt='' src='https:\/\/secure.gravatar.com\/avatar\/b7a012092ab8958977998298ca9567475f87efbaf0ad57256943390ca05812c3?s=96&#038;d=mm&#038;r=g' srcset='https:\/\/secure.gravatar.com\/avatar\/b7a012092ab8958977998298ca9567475f87efbaf0ad57256943390ca05812c3?s=96&#038;d=mm&#038;r=g 2x' class='avatar avatar-96 photo' height='96' width='96' \/>\t\t\t\t\t<p>D\u00e9veloppeur et consultant WordPress \/ WooCommerce depuis 2010 (Neticpro).<\/p>\n<p>Fondateur du projet WP Channel depuis 2009.<\/p>\n<p>Co-fondateur de l\u2019association WordPress Meet &amp; eXchange (WPMX) en 2013.<\/p>\n<p>Co-organisateur du WPMX Day 2015 \u00e0 Biarritz.<\/p>\n<p>Actuel pr\u00e9sident de l\u2019association WordPress Francophone (WPFR).<\/p>\n<p>Co-organisateur du WordCamp Bordeaux 2017.<\/p>\n\t\t\t\t<\/div>\n\t\t\t<\/div>\n\n\t\t\n\t\t\t<div class=\"wcorg-organizer\">\n\t\t\t\t<h2>Thomas Piron<\/h2>\n\t\t\t\t<div class=\"wcorg-organizer-description\">\n\t\t\t\t\t\t\t\t\t\t<img alt='' src='https:\/\/secure.gravatar.com\/avatar\/1f147f87d0eacb608283a0f5eaf96b48dc20abc58920b564d93788c7cd5d864d?s=96&#038;d=mm&#038;r=g' srcset='https:\/\/secure.gravatar.com\/avatar\/1f147f87d0eacb608283a0f5eaf96b48dc20abc58920b564d93788c7cd5d864d?s=96&#038;d=mm&#038;r=g 2x' class='avatar avatar-96 photo' height='96' width='96' \/>\t\t\t\t\t<p>Imprimeur de profession mais depuis toujours passionn\u00e9 par le web et autodidacte dans la cr\u00e9ation de site web. Apr\u00e8s beaucoup d&rsquo;essais de CMS, le choix s&rsquo;est naturellement port\u00e9 sur\u00a0WordPress pour sa facilit\u00e9 d&rsquo;utilisation et de personnalisation.\u00a0Un peu de traduction et d&rsquo;entre-aide sur le Slack, quelques Meetups \u00e0 Bordeaux, un WP Tech et un WordCamp Paris plus tard et me voil\u00e0 \u00e0 participer \u00e0 l&rsquo;organisation du premier WordCamp Bordeaux.<\/p>\n\t\t\t\t<\/div>\n\t\t\t<\/div>\n\n\t\t\n\t\t\t<div class=\"wcorg-organizer\">\n\t\t\t\t<h2>Benjamin Montr\u00e9<\/h2>\n\t\t\t\t<div class=\"wcorg-organizer-description\">\n\t\t\t\t\t\t\t\t\t\t<img alt='' src='https:\/\/secure.gravatar.com\/avatar\/b38efc41cc224126770f8e6710ab0784a26c720d93a075dcd4000d369c661b67?s=96&#038;d=mm&#038;r=g' srcset='https:\/\/secure.gravatar.com\/avatar\/b38efc41cc224126770f8e6710ab0784a26c720d93a075dcd4000d369c661b67?s=96&#038;d=mm&#038;r=g 2x' class='avatar avatar-96 photo' height='96' width='96' \/>\t\t\t\t\t<p><em>Winner de la life<\/em>, je suis n\u00e9 pour gagner m\u00eame si, \u00e9trangement, mes proches envieux ne partagent pas ce point de vue. Et comme je ne supporte pas les gifs anim\u00e9s d\u00e9biles de 2Mo, qu&rsquo;on dise que Mr Robot est une super s\u00e9rie, les TOC de langage \u00ab seriously \u00bb ou \u00ab pratico-pratique \u00bb, je d\u00e9teste tout le monde et c&rsquo;est enti\u00e8rement r\u00e9ciproque.<\/p>\n<p>C\u00f4t\u00e9 bio\u00a0: s\u00e9curit\u00e9 informatique \u2192 mort de stress \u2192 admin R&amp;S \u2192 mort d&rsquo;ennui \u2192 email marketing &amp; WordPress et en \/\/ resp. informatique dans une chouette asso de 160 personnes \u2192 je me stabilise un moment.<\/p>\n<p>Ma sp\u00e9cialit\u00e9 WordPress\u00a0: appuyer sur \u00ab\u00a0Publier\u00a0\u00bb plut\u00f4t que \u00ab\u00a0Enregistrer le brouillon\u00a0\u00bb.<\/p>\n\t\t\t\t<\/div>\n\t\t\t<\/div>\n\n\t\t\n\t\t\t<div class=\"wcorg-organizer\">\n\t\t\t\t<h2>Fr\u00e9d\u00e9rique Game<\/h2>\n\t\t\t\t<div class=\"wcorg-organizer-description\">\n\t\t\t\t\t\t\t\t\t\t<img alt='' src='https:\/\/secure.gravatar.com\/avatar\/2052c832d1e68d1e93c0eade9d9d1f322fb775366edd49776636cdf2cbbd9ac0?s=96&#038;d=mm&#038;r=g' srcset='https:\/\/secure.gravatar.com\/avatar\/2052c832d1e68d1e93c0eade9d9d1f322fb775366edd49776636cdf2cbbd9ac0?s=96&#038;d=mm&#038;r=g 2x' class='avatar avatar-96 photo' height='96' width='96' \/>\t\t\t\t\t<p>Designer et consultante\u00a0depuis plusieurs ann\u00e9es, j&rsquo;ai d\u00e9couvert WordPress pour cr\u00e9er mon propre portfolio. Coup de foudre, je ne l&rsquo;ai plus quitt\u00e9 depuis et j&rsquo;en fais mon outil principal de travail. Petit \u00e0 petit, le design, la typographie et l&rsquo;art reviennent en force et je peux naturellement combiner mes comp\u00e9tences au sein d&rsquo;une petite agence poitevine de communication &#8211; autour de WordPress.<\/p>\n<p>Aujourd&rsquo;hui, j&rsquo;ai lanc\u00e9 un groupe d&rsquo;utilisateurs \u00e0 Poitiers et apr\u00e8s trois conf\u00e9rences sur le design et l&rsquo;ergonomie au sein de WordCamps &#8211; dont une en anglais \u00e0 Gen\u00e8ve (Yes we can !), j&rsquo;ai eu envie de conna\u00eetre et participer aux coulisses de l&rsquo;organisation d&rsquo;un WordCamp. Extraordinaire exp\u00e9rience !<\/p>\n\t\t\t\t<\/div>\n\t\t\t<\/div>\n\n\t\t\n\t\t\t<div class=\"wcorg-organizer\">\n\t\t\t\t<h2>J\u00e9r\u00f4me Sadler<\/h2>\n\t\t\t\t<div class=\"wcorg-organizer-description\">\n\t\t\t\t\t\t\t\t\t\t<img alt='' src='https:\/\/secure.gravatar.com\/avatar\/4de56fde7e95a697f955beb4c1088446b5eac5d1d4ac54ca11e490d943020671?s=96&#038;d=mm&#038;r=g' srcset='https:\/\/secure.gravatar.com\/avatar\/4de56fde7e95a697f955beb4c1088446b5eac5d1d4ac54ca11e490d943020671?s=96&#038;d=mm&#038;r=g 2x' class='avatar avatar-96 photo' height='96' width='96' \/>\t\t\t\t\t<p>Passionn\u00e9 du web depuis&#8230; Netscape, je travaille en freelance depuis 2012. WordPress est mon outil quotidien depuis quelques ann\u00e9es maintenant. Je tiens \u00e0 pr\u00e9ciser que mon activit\u00e9 principale est \u00ab Papa au foyer \u00bb avec mes trois charmants bambins.<\/p>\n<p>Je maintiens quelques extensions sur le r\u00e9pertoire : WPT Custom mo file, Buddy-bbPress Support Topic et Rendez-Vous&#8230;<\/p>\n<p>J&rsquo;ai particip\u00e9 \u00e0 quelques \u00e9v\u00e8nements : WPMX Day, WP-Tech, WC Paris et les meetups WordPress sur Bordeaux.<\/p>\n\t\t\t\t<\/div>\n\t\t\t<\/div>\n\n\t\t\n\t<\/div><!-- .wcorg-organizers -->\n\t\n","protected":false},"excerpt":{"rendered":"","protected":false},"author":13107811,"featured_media":0,"parent":0,"menu_order":0,"comment_status":"closed","ping_status":"closed","template":"","meta":{"jetpack_post_was_ever_published":false,"footnotes":""},"class_list":["post-2566","page","type-page","status-publish","hentry"],"jetpack_sharing_enabled":true,"jetpack_shortlink":"https:\/\/wp.me\/P873k8-Fo","_links":{"self":[{"href":"https:\/\/bordeaux.wordcamp.org\/2017\/wp-json\/wp\/v2\/pages\/2566","targetHints":{"allow":["GET"]}}],"collection":[{"href":"https:\/\/bordeaux.wordcamp.org\/2017\/wp-json\/wp\/v2\/pages"}],"about":[{"href":"https:\/\/bordeaux.wordcamp.org\/2017\/wp-json\/wp\/v2\/types\/page"}],"author":[{"embeddable":true,"href":"https:\/\/bordeaux.wordcamp.org\/2017\/wp-json\/wp\/v2\/users\/13107811"}],"replies":[{"embeddable":true,"href":"https:\/\/bordeaux.wordcamp.org\/2017\/wp-json\/wp\/v2\/comments?post=2566"}],"version-history":[{"count":7,"href":"https:\/\/bordeaux.wordcamp.org\/2017\/wp-json\/wp\/v2\/pages\/2566\/revisions"}],"predecessor-version":[{"id":2612,"href":"https:\/\/bordeaux.wordcamp.org\/2017\/wp-json\/wp\/v2\/pages\/2566\/revisions\/2612"}],"wp:attachment":[{"href":"https:\/\/bordeaux.wordcamp.org\/2017\/wp-json\/wp\/v2\/media?parent=2566"}],"curies":[{"name":"wp","href":"https:\/\/api.w.org\/{rel}","templated":true}]}}