{"id":11,"date":"2018-06-30T09:23:47","date_gmt":"2018-06-30T07:23:47","guid":{"rendered":"https:\/\/2019.bordeaux.wordcamp.org\/location\/"},"modified":"2018-10-15T19:44:18","modified_gmt":"2018-10-15T17:44:18","slug":"lieu","status":"publish","type":"page","link":"https:\/\/bordeaux.wordcamp.org\/2019\/lieu\/","title":{"rendered":"Le lieu"},"content":{"rendered":"<h2>La Cit\u00e9 Mondiale &#8211; Centre des Congr\u00e8s<\/h2>\n<p>Situ\u00e9 en plein c\u0153ur de la ville et ais\u00e9ment accessible, le Centre des Congr\u00e8s Cit\u00e9 Mondiale offre plusieurs espaces afin de profiter pleinement d\u2019une journ\u00e9e riche en conf\u00e9rences, ateliers et \u00e9changes.<\/p>\n<div id='gallery-1' class='gallery galleryid-11 gallery-columns-3 gallery-size-large'><figure class='gallery-item'>\n\t\t\t<div class='gallery-icon landscape'>\n\t\t\t\t<img loading=\"lazy\" decoding=\"async\" width=\"800\" height=\"534\" src=\"https:\/\/bordeaux.wordcamp.org\/2019\/files\/2018\/10\/wordcamp-bordeaux-buffet-800x534.jpg\" class=\"attachment-large size-large\" alt=\"\" srcset=\"https:\/\/bordeaux.wordcamp.org\/2019\/files\/2018\/10\/wordcamp-bordeaux-buffet-800x534.jpg 800w, https:\/\/bordeaux.wordcamp.org\/2019\/files\/2018\/10\/wordcamp-bordeaux-buffet-300x200.jpg 300w, https:\/\/bordeaux.wordcamp.org\/2019\/files\/2018\/10\/wordcamp-bordeaux-buffet-768x512.jpg 768w, https:\/\/bordeaux.wordcamp.org\/2019\/files\/2018\/10\/wordcamp-bordeaux-buffet-450x300.jpg 450w, https:\/\/bordeaux.wordcamp.org\/2019\/files\/2018\/10\/wordcamp-bordeaux-buffet.jpg 2048w\" sizes=\"auto, (max-width: 800px) 100vw, 800px\" \/>\n\t\t\t<\/div><\/figure><figure class='gallery-item'>\n\t\t\t<div class='gallery-icon landscape'>\n\t\t\t\t<img loading=\"lazy\" decoding=\"async\" width=\"800\" height=\"534\" src=\"https:\/\/bordeaux.wordcamp.org\/2019\/files\/2018\/10\/conference-wordcamp-bordeaux-salle-800x534.jpg\" class=\"attachment-large size-large\" alt=\"\" srcset=\"https:\/\/bordeaux.wordcamp.org\/2019\/files\/2018\/10\/conference-wordcamp-bordeaux-salle-800x534.jpg 800w, https:\/\/bordeaux.wordcamp.org\/2019\/files\/2018\/10\/conference-wordcamp-bordeaux-salle-300x200.jpg 300w, https:\/\/bordeaux.wordcamp.org\/2019\/files\/2018\/10\/conference-wordcamp-bordeaux-salle-768x512.jpg 768w, https:\/\/bordeaux.wordcamp.org\/2019\/files\/2018\/10\/conference-wordcamp-bordeaux-salle-450x300.jpg 450w, https:\/\/bordeaux.wordcamp.org\/2019\/files\/2018\/10\/conference-wordcamp-bordeaux-salle.jpg 2048w\" sizes=\"auto, (max-width: 800px) 100vw, 800px\" \/>\n\t\t\t<\/div><\/figure><figure class='gallery-item'>\n\t\t\t<div class='gallery-icon landscape'>\n\t\t\t\t<img loading=\"lazy\" decoding=\"async\" width=\"800\" height=\"534\" src=\"https:\/\/bordeaux.wordcamp.org\/2019\/files\/2018\/10\/conference-wordcamp-bordeaux-amphitheatre-1024x683.jpg\" class=\"attachment-large size-large\" alt=\"\" srcset=\"https:\/\/bordeaux.wordcamp.org\/2019\/files\/2018\/10\/conference-wordcamp-bordeaux-amphitheatre-1024x683.jpg 1024w, https:\/\/bordeaux.wordcamp.org\/2019\/files\/2018\/10\/conference-wordcamp-bordeaux-amphitheatre-300x200.jpg 300w, https:\/\/bordeaux.wordcamp.org\/2019\/files\/2018\/10\/conference-wordcamp-bordeaux-amphitheatre-768x512.jpg 768w, https:\/\/bordeaux.wordcamp.org\/2019\/files\/2018\/10\/conference-wordcamp-bordeaux-amphitheatre-450x300.jpg 450w, https:\/\/bordeaux.wordcamp.org\/2019\/files\/2018\/10\/conference-wordcamp-bordeaux-amphitheatre.jpg 2048w\" sizes=\"auto, (max-width: 800px) 100vw, 800px\" \/>\n\t\t\t<\/div><\/figure><figure class='gallery-item'>\n\t\t\t<div class='gallery-icon landscape'>\n\t\t\t\t<img loading=\"lazy\" decoding=\"async\" width=\"800\" height=\"533\" src=\"https:\/\/bordeaux.wordcamp.org\/2019\/files\/2018\/10\/cite-mondiale-rdc-accueil-800x533.jpg\" class=\"attachment-large size-large\" alt=\"\" srcset=\"https:\/\/bordeaux.wordcamp.org\/2019\/files\/2018\/10\/cite-mondiale-rdc-accueil-800x533.jpg 800w, https:\/\/bordeaux.wordcamp.org\/2019\/files\/2018\/10\/cite-mondiale-rdc-accueil-300x200.jpg 300w, https:\/\/bordeaux.wordcamp.org\/2019\/files\/2018\/10\/cite-mondiale-rdc-accueil-768x512.jpg 768w, https:\/\/bordeaux.wordcamp.org\/2019\/files\/2018\/10\/cite-mondiale-rdc-accueil-450x300.jpg 450w, https:\/\/bordeaux.wordcamp.org\/2019\/files\/2018\/10\/cite-mondiale-rdc-accueil.jpg 2048w\" sizes=\"auto, (max-width: 800px) 100vw, 800px\" \/>\n\t\t\t<\/div><\/figure>\n\t\t<\/div>\n\n<h2>Adresse<\/h2>\n<p><strong>Cit\u00e9 Mondiale &#8211; Centre des Congr\u00e8s<\/strong><br \/>\n18 Parvis des Chartrons, 20 quais des Chartrons, 33080 Bordeaux<br \/>\nSamedi 23 mars 2019<br \/>\nde 9H \u00e0 18H<\/p>\n<p>Le plan ci-dessous est annot\u00e9, pour vous proposer les arr\u00eats de tram, batcub, parkings et parc-relais les plus proches et pratiques pour acc\u00e9der \u00e0 Bordeaux centre.<\/p>\n<div class=\"googlemaps\">\n\t\t\t\t<iframe loading=\"lazy\" width=\"950\" height=\"630\" frameborder=\"0\" scrolling=\"no\" marginheight=\"0\" marginwidth=\"0\"  src=\"https:\/\/www.google.com\/maps\/d\/embed?mid=1MuxOdTQyck63ucBtvHyrPKUgQAE\"><\/iframe>\n\t\t\t<\/div>\n<h2>Pour vous y rendre\u2026<\/h2>\n<p>La Gare Saint-Jean se situe \u00e0 une distance de marche d\u2019environ 40 minutes du centre-ville, pour les bons marcheurs. Pour les amateurs de v\u00e9lo, <a href=\"https:\/\/www.infotbm.com\/le-reseau-tbc\/tbc-decouverte\/vcub\" target=\"_blank\" rel=\"noopener\">sachez que deux stations V<sup>3<\/sup> sont situ\u00e9es en face de la Gare Saint Jean<\/a> et que de nombreuses stations maillent la ville.<\/p>\n<h3>Depuis la Gare Saint-Jean \/ Les transports en commun<\/h3>\n<p>Le r\u00e9seau de Transports Bordeaux M\u00e9tropole dessert tr\u00e8s bien la Gare Saint-Jean : <strong>prenez le tram C, l\u2019arr\u00eat est situ\u00e9 juste devant la gare<\/strong>, le tram y passe environ toutes les cinq minutes. Vous y trouverez \u00e9galement de nombreux arr\u00eats de bus.<\/p>\n<p>Pour vous rendre \u00e0 la Cit\u00e9 Mondiale, prenez le <strong>Tram B, arr\u00eat CAPC.<\/strong><\/p>\n<p><a href=\"https:\/\/www.infotbm.com\" target=\"_blank\" rel=\"noopener\">Plus d\u2019infos sur le site TBM<\/a><\/p>\n<h3>Parkings<\/h3>\n<p>Relativement chers et souvent pleins le week-end, nous vous d\u00e9conseillons les parkings du centre-ville. Par contre, des <a href=\"https:\/\/www.infotbm.com\/les-parc-relais-tout-public\"><strong>parcs-relais<\/strong><\/a> situ\u00e9s non loin du centre vous permettront de vous garer sereinement et de prendre imm\u00e9diatement le tram qui vous am\u00e8nera au centre de Bordeaux. C&rsquo;est tr\u00e8s facile et peu co\u00fbteux.<\/p>\n<p><a href=\"https:\/\/www.infotbm.com\/les-parc-relais-tout-public\" target=\"_blank\" rel=\"noopener\">Plus d\u2019infos sur le site TBM<\/a><\/p>\n<h3>Depuis l&rsquo;a\u00e9roport<\/h3>\n<p>Bordeaux est une m\u00e9gapole qui accueille un bel a\u00e9roport \u00e0 M\u00e9rignac, lui aussi desservi par le r\u00e9seau de transports en commun.<\/p>\n<p><a href=\"http:\/\/www.bordeaux.aeroport.fr\/fr\/info\/bus-laeroport-bordeaux\">Plus d\u2019infos pour vous rendre au centre-ville depuis l&rsquo;a\u00e9roport<\/a><\/p>\n<h2>Vous loger \u00e0 Bordeaux<\/h2>\n<p>Plusieurs possibilit\u00e9s pour s\u00e9journer \u00e0 Bordeaux : h\u00f4tels, <a href=\"https:\/\/www.airbnb.fr\/\" target=\"_blank\" rel=\"noopener\">Airbnb<\/a>, locations\u2026 <strong>L\u2019Office du Tourisme de Bordeaux propose <a href=\"http:\/\/www.bordeaux-tourisme.com\/offre\/recherche\/hotels-et-residences-hotelieres\/1\/~~\/(page)\/1\" target=\"_blank\" rel=\"noopener\">une s\u00e9lection assez large d\u2019h\u00f4tels sur son site web<\/a><\/strong>, nous vous recommandons simplement d\u2019\u00e9viter le quartier de la Gare, assez bruyant.<\/p>\n","protected":false},"excerpt":{"rendered":"<p>La Cit\u00e9 Mondiale &#8211; Centre des Congr\u00e8s Situ\u00e9 en plein c\u0153ur de la ville et ais\u00e9ment accessible, le Centre des Congr\u00e8s Cit\u00e9 Mondiale offre plusieurs espaces afin de profiter pleinement d\u2019une journ\u00e9e riche en conf\u00e9rences, ateliers et \u00e9changes. Adresse Cit\u00e9 Mondiale &#8211; Centre des Congr\u00e8s 18 Parvis des Chartrons, 20 quais des Chartrons, 33080 Bordeaux [&hellip;]<\/p>\n","protected":false},"author":13823299,"featured_media":0,"parent":0,"menu_order":0,"comment_status":"closed","ping_status":"closed","template":"","meta":{"jetpack_post_was_ever_published":false,"footnotes":""},"class_list":["post-11","page","type-page","status-publish","hentry"],"jetpack_sharing_enabled":true,"_links":{"self":[{"href":"https:\/\/bordeaux.wordcamp.org\/2019\/wp-json\/wp\/v2\/pages\/11","targetHints":{"allow":["GET"]}}],"collection":[{"href":"https:\/\/bordeaux.wordcamp.org\/2019\/wp-json\/wp\/v2\/pages"}],"about":[{"href":"https:\/\/bordeaux.wordcamp.org\/2019\/wp-json\/wp\/v2\/types\/page"}],"author":[{"embeddable":true,"href":"https:\/\/bordeaux.wordcamp.org\/2019\/wp-json\/wp\/v2\/users\/13823299"}],"replies":[{"embeddable":true,"href":"https:\/\/bordeaux.wordcamp.org\/2019\/wp-json\/wp\/v2\/comments?post=11"}],"version-history":[{"count":21,"href":"https:\/\/bordeaux.wordcamp.org\/2019\/wp-json\/wp\/v2\/pages\/11\/revisions"}],"predecessor-version":[{"id":1900,"href":"https:\/\/bordeaux.wordcamp.org\/2019\/wp-json\/wp\/v2\/pages\/11\/revisions\/1900"}],"wp:attachment":[{"href":"https:\/\/bordeaux.wordcamp.org\/2019\/wp-json\/wp\/v2\/media?parent=11"}],"curies":[{"name":"wp","href":"https:\/\/api.w.org\/{rel}","templated":true}]}}