{"id":12,"date":"2018-06-30T09:23:47","date_gmt":"2018-06-30T07:23:47","guid":{"rendered":"https:\/\/2019.bordeaux.wordcamp.org\/organizers\/"},"modified":"2018-10-17T09:15:27","modified_gmt":"2018-10-17T07:15:27","slug":"organisateurs","status":"publish","type":"page","link":"https:\/\/bordeaux.wordcamp.org\/2019\/organisateurs\/","title":{"rendered":"L&rsquo;\u00e9quipe"},"content":{"rendered":"\t<div class=\"wcorg-organizers\">\n\n\t\t\n\t\t\t<div class=\"wcorg-organizer\">\n\t\t\t\t<h2>R\u00e9mi Corson<\/h2>\n\t\t\t\t<div class=\"wcorg-organizer-description\">\n\t\t\t\t\t\t\t\t\t\t<img alt='' src='https:\/\/secure.gravatar.com\/avatar\/c942ec2746e043d9dfaa8cc3c337ecb9114a5e6126387a49f4a1c3713486a4d7?s=100&#038;d=mm&#038;r=g' srcset='https:\/\/secure.gravatar.com\/avatar\/c942ec2746e043d9dfaa8cc3c337ecb9114a5e6126387a49f4a1c3713486a4d7?s=200&#038;d=mm&#038;r=g 2x' class='avatar avatar-100 photo' height='100' width='100' \/>\t\t\t\t\t<p>Cela fait maintenant plus de 5 ans que je travaille chez Automattic, dans la section WooCommerce; Avant cela je travaillais pour Pippin Williamson (Digital Downloads) et j\u2019\u00e9tais \u00e9galement auteur \u00e9lite sur CodeCanyon. J\u2019\u00e9crivais \u00e9galement pas mal d\u2019articles sur mon blog mais aussi sur de nombreux sites de r\u00e9f\u00e9rence. Je me concentre d\u00e9sormais sur les addons premium de WooCommerce et sur le support au sein d\u2019Automattic.<\/p>\n\t\t\t\t<\/div>\n\t\t\t<\/div>\n\n\t\t\n\t\t\t<div class=\"wcorg-organizer\">\n\t\t\t\t<h2>Fran\u00e7ois-Xavier B\u00e9nard<\/h2>\n\t\t\t\t<div class=\"wcorg-organizer-description\">\n\t\t\t\t\t\t\t\t\t\t<img alt='' src='https:\/\/secure.gravatar.com\/avatar\/03fec775ba7bbccce7139a73dd5e741fbaa2069cf384cf2c5b328d391dd82266?s=100&#038;d=mm&#038;r=g' srcset='https:\/\/secure.gravatar.com\/avatar\/03fec775ba7bbccce7139a73dd5e741fbaa2069cf384cf2c5b328d391dd82266?s=200&#038;d=mm&#038;r=g 2x' class='avatar avatar-100 photo' height='100' width='100' \/>\t\t\t\t\t<p>Responsable de la traduction officielle fran\u00e7aise de WordPress, je traduis en fran\u00e7ais tout ce qui touche \u00e0 l\u2019\u00e9cosyst\u00e8me de WordPress.<br \/>\nCo-fondateur de <a href=\"https:\/\/wp-translations.pro\">WP-Translations.pro<\/a>, de nombreux projets utilisent mes services de traductions comme Gravity Forms, MailPoet et bien d\u2019autres.<br \/>\nOrateur au WordCamp Paris, organisateur du WordPress Translation Day, vous l\u2019avez compris je participe \u00e0 l\u2019effort de traduction de WordPress.<br \/>\nEt aujourd\u2019hui organisateur pour la seconde fois du WordCamp Bordeaux.<\/p>\n\t\t\t\t<\/div>\n\t\t\t<\/div>\n\n\t\t\n\t\t\t<div class=\"wcorg-organizer\">\n\t\t\t\t<h2>Myl\u00e8ne Boyrie<\/h2>\n\t\t\t\t<div class=\"wcorg-organizer-description\">\n\t\t\t\t\t\t\t\t\t\t<img alt='' src='https:\/\/secure.gravatar.com\/avatar\/89a70a8f8978f0a0e4bc535a06090890eb652f3bfd6a3b99b529aab7007f6f97?s=100&#038;d=mm&#038;r=g' srcset='https:\/\/secure.gravatar.com\/avatar\/89a70a8f8978f0a0e4bc535a06090890eb652f3bfd6a3b99b529aab7007f6f97?s=200&#038;d=mm&#038;r=g 2x' class='avatar avatar-100 photo' height='100' width='100' \/>\t\t\t\t\t<p>UI\/UX designer, je con\u00e7ois des sites WordPress depuis une dizaine d&rsquo;ann\u00e9es.\u00a0Passionn\u00e9e par le design \u00e9ditorial &amp; l\u2019\u00e9dition num\u00e9rique, j\u2019aime cr\u00e9er des interfaces centr\u00e9es sur les utilisatrices et utilisateurs. J\u2019ai un go\u00fbt prononc\u00e9 pour les grilles de mise en page et la typographie minutieusement choisies\u00a0 Pendant mon temps libre, quand je ne bosse pas sur l\u2019organisation des meetups WordPress et WordCamp Bordeaux ou sur mon webzine culturel, <a href=\"http:\/\/www.mandorine.fr\">Mandorine<\/a>, on peut me voir tra\u00eener dans les librairies de Bordeaux.<\/p>\n\t\t\t\t<\/div>\n\t\t\t<\/div>\n\n\t\t\n\t\t\t<div class=\"wcorg-organizer\">\n\t\t\t\t<h2>Aur\u00e9lien Denis<\/h2>\n\t\t\t\t<div class=\"wcorg-organizer-description\">\n\t\t\t\t\t\t\t\t\t\t<img alt='' src='https:\/\/secure.gravatar.com\/avatar\/b7a012092ab8958977998298ca9567475f87efbaf0ad57256943390ca05812c3?s=100&#038;d=mm&#038;r=g' srcset='https:\/\/secure.gravatar.com\/avatar\/b7a012092ab8958977998298ca9567475f87efbaf0ad57256943390ca05812c3?s=200&#038;d=mm&#038;r=g 2x' class='avatar avatar-100 photo' height='100' width='100' \/>\t\t\t\t\t<p>Aur\u00e9lien Denis, <a href=\"https:\/\/neticpro.fr\/\">consultant et d\u00e9veloppeur WordPress<\/a> depuis 2010. J&rsquo;interviens r\u00e9guli\u00e8rement comme conf\u00e9rencier lors d&rsquo;\u00e9v\u00e8nements Web nationaux (WordCamps, WP Tech, #GEN, etc.) et je partage mes connaissances sur le blog <a href=\"https:\/\/wpchannel.com\/\">WP Channel<\/a>. Je contribue au d\u00e9veloppement du projet WordPress au travers des associations WordPress Francophone (pr\u00e9sident de 2016 \u00e0 2017 puis tr\u00e9sorier en 2018) et WordPress Meet &amp; eXchange.<\/p>\n\t\t\t\t<\/div>\n\t\t\t<\/div>\n\n\t\t\n\t\t\t<div class=\"wcorg-organizer\">\n\t\t\t\t<h2>Thomas Piron<\/h2>\n\t\t\t\t<div class=\"wcorg-organizer-description\">\n\t\t\t\t\t\t\t\t\t\t<img alt='' src='https:\/\/secure.gravatar.com\/avatar\/1f147f87d0eacb608283a0f5eaf96b48dc20abc58920b564d93788c7cd5d864d?s=100&#038;d=mm&#038;r=g' srcset='https:\/\/secure.gravatar.com\/avatar\/1f147f87d0eacb608283a0f5eaf96b48dc20abc58920b564d93788c7cd5d864d?s=200&#038;d=mm&#038;r=g 2x' class='avatar avatar-100 photo' height='100' width='100' \/>\t\t\t\t\t<p>Imprimeur de profession mais depuis toujours passionn\u00e9 par le web et autodidacte dans la cr\u00e9ation de site web. Apr\u00e8s beaucoup d&rsquo;essais de CMS, le choix s&rsquo;est naturellement port\u00e9 sur&nbsp;WordPress pour sa facilit\u00e9 d&rsquo;utilisation et de personnalisation.&nbsp;Un peu de traduction et d&rsquo;entre-aide sur le Slack, quelques Meetups \u00e0 Toulouse et \u00e0 Bordeaux, un WP Tech et un WordCamp Paris plus tard et me voil\u00e0 \u00e0 participer \u00e0 l&rsquo;organisation du premier WordCamp Bordeaux. Et finalement, reparti pour cette deuxi\u00e8me \u00e9dition.<\/p>\n\t\t\t\t<\/div>\n\t\t\t<\/div>\n\n\t\t\n\t\t\t<div class=\"wcorg-organizer\">\n\t\t\t\t<h2>Benjamin Montr\u00e9<\/h2>\n\t\t\t\t<div class=\"wcorg-organizer-description\">\n\t\t\t\t\t\t\t\t\t\t<img alt='' src='https:\/\/secure.gravatar.com\/avatar\/b38efc41cc224126770f8e6710ab0784a26c720d93a075dcd4000d369c661b67?s=100&#038;d=mm&#038;r=g' srcset='https:\/\/secure.gravatar.com\/avatar\/b38efc41cc224126770f8e6710ab0784a26c720d93a075dcd4000d369c661b67?s=200&#038;d=mm&#038;r=g 2x' class='avatar avatar-100 photo' height='100' width='100' \/>\t\t\t\t\t<p>Depuis la pr\u00e9c\u00e9dente \u00e9dition, je suis toujours responsable informatique, d&rsquo;une toujours chouette association de protection de l&rsquo;enfance de, d\u00e9sormais, 190 personnes. J&rsquo;y utilise WordPress pour de la gestion de ticket, de la GED, comme blog, etc. Bref, un outil complet, bien au-del\u00e0 d&rsquo;un simple site internet.<\/p>\n\t\t\t\t<\/div>\n\t\t\t<\/div>\n\n\t\t\n\t\t\t<div class=\"wcorg-organizer\">\n\t\t\t\t<h2>Fr\u00e9d\u00e9rique Game<\/h2>\n\t\t\t\t<div class=\"wcorg-organizer-description\">\n\t\t\t\t\t\t\t\t\t\t<img alt='' src='https:\/\/secure.gravatar.com\/avatar\/2052c832d1e68d1e93c0eade9d9d1f322fb775366edd49776636cdf2cbbd9ac0?s=100&#038;d=mm&#038;r=g' srcset='https:\/\/secure.gravatar.com\/avatar\/2052c832d1e68d1e93c0eade9d9d1f322fb775366edd49776636cdf2cbbd9ac0?s=200&#038;d=mm&#038;r=g 2x' class='avatar avatar-100 photo' height='100' width='100' \/>\t\t\t\t\t<p>Designer et consultante\u00a0depuis plusieurs ann\u00e9es, j&rsquo;ai d\u00e9couvert WordPress pour cr\u00e9er mon propre portfolio. Coup de foudre, je ne l&rsquo;ai plus quitt\u00e9 depuis et j&rsquo;en fais mon outil principal de travail. Petit \u00e0 petit, le design, la typographie et l&rsquo;art reviennent en force et je peux naturellement combiner mes comp\u00e9tences au sein d&rsquo;une petite agence poitevine de communication &#8211; autour de WordPress.<\/p>\n<p>Aujourd&rsquo;hui, j&rsquo;ai lanc\u00e9 un groupe d&rsquo;utilisateurs \u00e0 Poitiers et apr\u00e8s trois conf\u00e9rences sur le design et l&rsquo;ergonomie au sein de WordCamps &#8211; dont une en anglais \u00e0 Gen\u00e8ve (Yes we can !), j&rsquo;ai eu envie de conna\u00eetre et participer aux coulisses de l&rsquo;organisation d&rsquo;un WordCamp. Extraordinaire exp\u00e9rience !<\/p>\n\t\t\t\t<\/div>\n\t\t\t<\/div>\n\n\t\t\n\t\t\t<div class=\"wcorg-organizer\">\n\t\t\t\t<h2>J\u00e9r\u00f4me Sadler<\/h2>\n\t\t\t\t<div class=\"wcorg-organizer-description\">\n\t\t\t\t\t\t\t\t\t\t<img alt='' src='https:\/\/secure.gravatar.com\/avatar\/4de56fde7e95a697f955beb4c1088446b5eac5d1d4ac54ca11e490d943020671?s=100&#038;d=mm&#038;r=g' srcset='https:\/\/secure.gravatar.com\/avatar\/4de56fde7e95a697f955beb4c1088446b5eac5d1d4ac54ca11e490d943020671?s=200&#038;d=mm&#038;r=g 2x' class='avatar avatar-100 photo' height='100' width='100' \/>\t\t\t\t\t<p>Passionn\u00e9 du web depuis&#8230; Netscape, je travaille en freelance depuis 2012. WordPress est mon outil quotidien depuis quelques ann\u00e9es maintenant. Je tiens \u00e0 pr\u00e9ciser que mon activit\u00e9 principale est \u00ab Papa au foyer \u00bb avec mes trois charmants bambins.<\/p>\n<p>Je maintiens quelques extensions sur le r\u00e9pertoire : WPT Custom mo file, Buddy-bbPress Support Topic et Rendez-Vous&#8230;<\/p>\n<p>J&rsquo;ai particip\u00e9 \u00e0 quelques \u00e9v\u00e8nements : WPMX Day, WP-Tech, WC Paris et les meetups WordPress sur Bordeaux.<\/p>\n\t\t\t\t<\/div>\n\t\t\t<\/div>\n\n\t\t\n\t<\/div><!-- .wcorg-organizers -->\n\t\n","protected":false},"excerpt":{"rendered":"","protected":false},"author":13823299,"featured_media":0,"parent":0,"menu_order":0,"comment_status":"closed","ping_status":"closed","template":"","meta":{"_crdt_document":"","jetpack_post_was_ever_published":false,"footnotes":""},"class_list":["post-12","page","type-page","status-publish","hentry"],"jetpack_sharing_enabled":true,"_links":{"self":[{"href":"https:\/\/bordeaux.wordcamp.org\/2019\/wp-json\/wp\/v2\/pages\/12","targetHints":{"allow":["GET"]}}],"collection":[{"href":"https:\/\/bordeaux.wordcamp.org\/2019\/wp-json\/wp\/v2\/pages"}],"about":[{"href":"https:\/\/bordeaux.wordcamp.org\/2019\/wp-json\/wp\/v2\/types\/page"}],"author":[{"embeddable":true,"href":"https:\/\/bordeaux.wordcamp.org\/2019\/wp-json\/wp\/v2\/users\/13823299"}],"replies":[{"embeddable":true,"href":"https:\/\/bordeaux.wordcamp.org\/2019\/wp-json\/wp\/v2\/comments?post=12"}],"version-history":[{"count":4,"href":"https:\/\/bordeaux.wordcamp.org\/2019\/wp-json\/wp\/v2\/pages\/12\/revisions"}],"predecessor-version":[{"id":1944,"href":"https:\/\/bordeaux.wordcamp.org\/2019\/wp-json\/wp\/v2\/pages\/12\/revisions\/1944"}],"wp:attachment":[{"href":"https:\/\/bordeaux.wordcamp.org\/2019\/wp-json\/wp\/v2\/media?parent=12"}],"curies":[{"name":"wp","href":"https:\/\/api.w.org\/{rel}","templated":true}]}}