{"id":2,"date":"2018-06-30T09:23:47","date_gmt":"2018-06-30T07:23:47","guid":{"rendered":"http:\/\/2019.bordeaux.wordcamp.org\/?page_id=2"},"modified":"2019-03-07T17:19:35","modified_gmt":"2019-03-07T16:19:35","slug":"evenement-wordpress-plebiscite-par-les-pros","status":"publish","type":"page","link":"https:\/\/bordeaux.wordcamp.org\/2019\/","title":{"rendered":"L&rsquo;\u00e9v\u00e8nement WordPress pl\u00e9biscit\u00e9 par les professionnels"},"content":{"rendered":"<p>Depuis cinq ans, la <strong>communaut\u00e9 WordPress Bordeaux<\/strong> anime la communaut\u00e9 locale au cours de rencontres (meetups) conviviales.<\/p>\n<p>Forte du succ\u00e8s de l\u2019\u00e9dition pr\u00e9c\u00e9dente, la communaut\u00e9 bordelaise a le plaisir d\u2019organiser la deuxi\u00e8me \u00e9dition du WordCamp Bordeaux, le 23 mars 2019 au Centre de Congr\u00e8s Cit\u00e9 Mondiale.<\/p>\n<figure id=\"attachment_1852\" aria-describedby=\"caption-attachment-1852\" style=\"width: 800px\" class=\"wp-caption alignnone\"><img loading=\"lazy\" decoding=\"async\" class=\"wp-image-1852 size-large\" src=\"https:\/\/2019.bordeaux.wordcamp.org\/files\/2018\/10\/wordcamp-bordeaux-photo-finale-800x450.jpg\" alt=\"\" width=\"800\" height=\"450\" srcset=\"https:\/\/bordeaux.wordcamp.org\/2019\/files\/2018\/10\/wordcamp-bordeaux-photo-finale-800x450.jpg 800w, https:\/\/bordeaux.wordcamp.org\/2019\/files\/2018\/10\/wordcamp-bordeaux-photo-finale-300x169.jpg 300w, https:\/\/bordeaux.wordcamp.org\/2019\/files\/2018\/10\/wordcamp-bordeaux-photo-finale-768x432.jpg 768w, https:\/\/bordeaux.wordcamp.org\/2019\/files\/2018\/10\/wordcamp-bordeaux-photo-finale-500x281.jpg 500w, https:\/\/bordeaux.wordcamp.org\/2019\/files\/2018\/10\/wordcamp-bordeaux-photo-finale.jpg 2048w\" sizes=\"auto, (max-width: 800px) 100vw, 800px\" \/><figcaption id=\"caption-attachment-1852\" class=\"wp-caption-text\">Photo de cl\u00f4ture avec les 300 participants de la premi\u00e8re \u00e9dition<\/figcaption><\/figure>\n<p>Au programme : une quinzaine de conf\u00e9rences et ateliers. Des <strong>conf\u00e9renciers experts<\/strong> dans leurs domaines seront pr\u00e9sents sur sc\u00e8ne pour aborder toutes les facettes de l\u2019\u00e9cosyst\u00e8me WordPress : d\u00e9veloppement, design, marketing, r\u00e9f\u00e9rencement, e-commerce, accessibilit\u00e9, qualit\u00e9&#8230;<\/p>\n<p>Conscient de l\u2019impact \u00e9nerg\u00e9tique que repr\u00e9sente WordPress dans l\u2019empreinte carbone du Web, le WordCamp Bordeaux 2019 s\u2019inscrit dans une d\u00e9marche \u00e9co-responsable et locale.<\/p>\n","protected":false},"excerpt":{"rendered":"<p>Depuis cinq ans, la communaut\u00e9 WordPress Bordeaux anime la communaut\u00e9 locale au cours de rencontres (meetups) conviviales. Forte du succ\u00e8s de l\u2019\u00e9dition pr\u00e9c\u00e9dente, la communaut\u00e9 bordelaise a le plaisir d\u2019organiser la deuxi\u00e8me \u00e9dition du WordCamp Bordeaux, le 23 mars 2019 au Centre de Congr\u00e8s Cit\u00e9 Mondiale. Au programme : une quinzaine de conf\u00e9rences et ateliers. [&hellip;]<\/p>\n","protected":false},"author":13823299,"featured_media":0,"parent":0,"menu_order":0,"comment_status":"closed","ping_status":"closed","template":"","meta":{"jetpack_post_was_ever_published":false,"footnotes":""},"class_list":["post-2","page","type-page","status-publish","hentry"],"jetpack_sharing_enabled":true,"_links":{"self":[{"href":"https:\/\/bordeaux.wordcamp.org\/2019\/wp-json\/wp\/v2\/pages\/2","targetHints":{"allow":["GET"]}}],"collection":[{"href":"https:\/\/bordeaux.wordcamp.org\/2019\/wp-json\/wp\/v2\/pages"}],"about":[{"href":"https:\/\/bordeaux.wordcamp.org\/2019\/wp-json\/wp\/v2\/types\/page"}],"author":[{"embeddable":true,"href":"https:\/\/bordeaux.wordcamp.org\/2019\/wp-json\/wp\/v2\/users\/13823299"}],"replies":[{"embeddable":true,"href":"https:\/\/bordeaux.wordcamp.org\/2019\/wp-json\/wp\/v2\/comments?post=2"}],"version-history":[{"count":11,"href":"https:\/\/bordeaux.wordcamp.org\/2019\/wp-json\/wp\/v2\/pages\/2\/revisions"}],"predecessor-version":[{"id":3443,"href":"https:\/\/bordeaux.wordcamp.org\/2019\/wp-json\/wp\/v2\/pages\/2\/revisions\/3443"}],"wp:attachment":[{"href":"https:\/\/bordeaux.wordcamp.org\/2019\/wp-json\/wp\/v2\/media?parent=2"}],"curies":[{"name":"wp","href":"https:\/\/api.w.org\/{rel}","templated":true}]}}