{"id":7,"date":"2018-02-05T09:00:47","date_gmt":"2018-02-05T08:00:47","guid":{"rendered":"https:\/\/2019.bordeaux.wordcamp.org\/schedule\/"},"modified":"2019-02-04T20:40:10","modified_gmt":"2019-02-04T19:40:10","slug":"programme","status":"publish","type":"page","link":"https:\/\/bordeaux.wordcamp.org\/2019\/programme\/","title":{"rendered":"Programme"},"content":{"rendered":"<table class=\"wcpt-schedule\" border=\"0\"><thead><tr><th class=\"wcpt-col-time\">Heure<\/th><th class=\"wcpt-col-track\"> <span class=\"wcpt-track-name\">Amphith\u00e9\u00e2tre Brisbane<\/span> <span class=\"wcpt-track-description\"><\/span> <\/th><th class=\"wcpt-col-track\"> <span class=\"wcpt-track-name\">Salle Brasilia<\/span> <span class=\"wcpt-track-description\"><\/span> <\/th><\/tr><\/thead><tbody><tr class=\"wcpt-time-0745 global-session ouverture-des-portes-petit-djeuner\"><td class=\"wcpt-time\">07:45<\/td><td colspan=\"2\" class=\"wcb-track-amphitheatre-brisbane wcb-track-salle-brasilia wcpt-session-type-custom wcb-session-ouverture-des-portes-petit-dejeuner\" data-track-title=\"Amphith\u00e9\u00e2tre Brisbane, Salle Brasilia\" data-session-id=\"2719\"><div class=\"wcb-session-cell-content\"><span class=\"wcpt-session-title\">Ouverture des portes, petit-d\u00e9jeuner<\/span><\/div><\/td><\/tr><tr class=\"wcpt-time-0815 global-session confrence-douverture\"><td class=\"wcpt-time\">08:15<\/td><td colspan=\"2\" class=\"wcb-track-amphitheatre-brisbane wcb-track-salle-brasilia wcpt-session-type-custom wcb-session-conference-douverture\" data-track-title=\"Amphith\u00e9\u00e2tre Brisbane, Salle Brasilia\" data-session-id=\"2890\"><div class=\"wcb-session-cell-content\"><span class=\"wcpt-session-title\">Conf\u00e9rence d&rsquo;ouverture<\/span><\/div><\/td><\/tr><tr class=\"wcpt-time-0830 global-session quel-impact-le-web-a-t-il-sur-la-plante\"><td class=\"wcpt-time\">08:30<\/td><td colspan=\"2\" class=\"wcb-speaker-remi-corson wcb-track-amphitheatre-brisbane wcb-track-salle-brasilia wcpt-session-type-session wcb-session-quel-impact-le-web-a-t-il-sur-la-planete\" data-track-title=\"Amphith\u00e9\u00e2tre Brisbane, Salle Brasilia\" data-session-id=\"2698\"><div class=\"wcb-session-cell-content\"><a class=\"wcpt-session-title\" href=\"https:\/\/bordeaux.wordcamp.org\/2019\/session\/quel-impact-le-web-a-t-il-sur-la-planete\/\">Quel impact le web a t-il sur la plan\u00e8te ?<\/a> <span class=\"wcpt-session-speakers\">R\u00e9mi Corson<\/span><\/div><div class=\"wcb-session-favourite-icon\"><a href=\"#\" role=\"button\" class=\"fav-session-button\" aria-pressed=\"false\"><span class=\"screen-reader-text\">Session pr\u00e9f\u00e9r\u00e9e\u00a0: Quel impact le web a t-il sur la plan\u00e8te ?<\/span><span class=\"dashicons dashicons-star-filled\"><\/span><\/a><\/div><\/td><\/tr><tr class=\"wcpt-time-0900\"><td class=\"wcpt-time\">09:00<\/td><td colspan=\"1\" class=\"wcb-speaker-marie-guillaumet wcb-track-amphitheatre-brisbane wcpt-session-type-session wcb-session-8-conseils-pour-rendre-votre-theme-wordpress-plus-accessible\" data-track-title=\"Amphith\u00e9\u00e2tre Brisbane\" data-session-id=\"2641\"><div class=\"wcb-session-cell-content\"><a class=\"wcpt-session-title\" href=\"https:\/\/bordeaux.wordcamp.org\/2019\/session\/8-conseils-pour-rendre-votre-theme-wordpress-plus-accessible\/\">8 conseils pour rendre votre th\u00e8me WordPress plus accessible !<\/a> <span class=\"wcpt-session-speakers\">Marie Guillaumet<\/span><\/div><div class=\"wcb-session-favourite-icon\"><a href=\"#\" role=\"button\" class=\"fav-session-button\" aria-pressed=\"false\"><span class=\"screen-reader-text\">Session pr\u00e9f\u00e9r\u00e9e\u00a0: 8 conseils pour rendre votre th\u00e8me WordPress plus accessible !<\/span><span class=\"dashicons dashicons-star-filled\"><\/span><\/a><\/div><\/td><td colspan=\"1\" class=\"wcb-speaker-daniel-roch wcb-track-salle-brasilia wcpt-session-type-session wcb-session-comment-auditer-son-site-wordpress-seo-securite-themes-extensions-tout-y-passe\" data-track-title=\"Salle Brasilia\" data-session-id=\"2818\"><div class=\"wcb-session-cell-content\"><a class=\"wcpt-session-title\" href=\"https:\/\/bordeaux.wordcamp.org\/2019\/session\/comment-auditer-son-site-wordpress-seo-securite-themes-extensions-tout-y-passe\/\">Comment auditer son site WordPress : SEO, s\u00e9curit\u00e9, th\u00e8mes, extensions, tout y passe !<\/a> <span class=\"wcpt-session-speakers\">Daniel Roch<\/span><\/div><div class=\"wcb-session-favourite-icon\"><a href=\"#\" role=\"button\" class=\"fav-session-button\" aria-pressed=\"false\"><span class=\"screen-reader-text\">Session pr\u00e9f\u00e9r\u00e9e\u00a0: Comment auditer son site WordPress : SEO, s\u00e9curit\u00e9, th\u00e8mes, extensions, tout y passe !<\/span><span class=\"dashicons dashicons-star-filled\"><\/span><\/a><\/div><\/td><\/tr><tr class=\"wcpt-time-1000\"><td class=\"wcpt-time\">10:00<\/td><td colspan=\"1\" class=\"wcb-speaker-yann-leymarie wcb-track-amphitheatre-brisbane wcpt-session-type-session wcb-session-wordpress-pour-des-ong-retour-dexperience-avec-surfrider\" data-track-title=\"Amphith\u00e9\u00e2tre Brisbane\" data-session-id=\"2690\"><div class=\"wcb-session-cell-content\"><a class=\"wcpt-session-title\" href=\"https:\/\/bordeaux.wordcamp.org\/2019\/session\/wordpress-pour-des-ong-retour-dexperience-avec-surfrider\/\">WordPress pour des ONG, retour d\u2019exp\u00e9rience avec SurfRider<\/a> <span class=\"wcpt-session-speakers\">Yann Leymarie<\/span><\/div><div class=\"wcb-session-favourite-icon\"><a href=\"#\" role=\"button\" class=\"fav-session-button\" aria-pressed=\"false\"><span class=\"screen-reader-text\">Session pr\u00e9f\u00e9r\u00e9e\u00a0: WordPress pour des ONG, retour d\u2019exp\u00e9rience avec SurfRider<\/span><span class=\"dashicons dashicons-star-filled\"><\/span><\/a><\/div><\/td><td colspan=\"1\" class=\"wcb-speaker-olivier-gobet wcb-track-salle-brasilia wcpt-session-type-session wcb-session-gutenberg-twenty-nineteen-adoptez-la-green-attitude\" data-track-title=\"Salle Brasilia\" data-session-id=\"2814\"><div class=\"wcb-session-cell-content\"><a class=\"wcpt-session-title\" href=\"https:\/\/bordeaux.wordcamp.org\/2019\/session\/gutenberg-twenty-nineteen-adoptez-la-green-attitude\/\">Gutenberg + Twenty Nineteen : adoptez la green attitude<\/a> <span class=\"wcpt-session-speakers\">Olivier Gobet<\/span><\/div><div class=\"wcb-session-favourite-icon\"><a href=\"#\" role=\"button\" class=\"fav-session-button\" aria-pressed=\"false\"><span class=\"screen-reader-text\">Session pr\u00e9f\u00e9r\u00e9e\u00a0: Gutenberg + Twenty Nineteen : adoptez la green attitude<\/span><span class=\"dashicons dashicons-star-filled\"><\/span><\/a><\/div><\/td><\/tr><tr class=\"wcpt-time-1030 global-session pause\"><td class=\"wcpt-time\">10:30<\/td><td colspan=\"2\" class=\"wcb-track-amphitheatre-brisbane wcb-track-salle-brasilia wcpt-session-type-custom wcb-session-pause\" data-track-title=\"Amphith\u00e9\u00e2tre Brisbane, Salle Brasilia\" data-session-id=\"2710\"><div class=\"wcb-session-cell-content\"><span class=\"wcpt-session-title\">Pause<\/span><\/div><\/td><\/tr><tr class=\"wcpt-time-1100 global-session how-better-performing-websites-can-help-save-the-planet\"><td class=\"wcpt-time\">11:00<\/td><td colspan=\"2\" class=\"wcb-speaker-jack-lenox wcb-track-amphitheatre-brisbane wcb-track-salle-brasilia wcpt-session-type-session wcb-session-how-better-performing-websites-can-help-save-the-planet\" data-track-title=\"Amphith\u00e9\u00e2tre Brisbane, Salle Brasilia\" data-session-id=\"2694\"><div class=\"wcb-session-cell-content\"><a class=\"wcpt-session-title\" href=\"https:\/\/bordeaux.wordcamp.org\/2019\/session\/how-better-performing-websites-can-help-save-the-planet\/\">How better performing websites can help save the planet?<\/a> <span class=\"wcpt-session-speakers\">Jack Lenox<\/span><\/div><div class=\"wcb-session-favourite-icon\"><a href=\"#\" role=\"button\" class=\"fav-session-button\" aria-pressed=\"false\"><span class=\"screen-reader-text\">Session pr\u00e9f\u00e9r\u00e9e\u00a0: How better performing websites can help save the planet?<\/span><span class=\"dashicons dashicons-star-filled\"><\/span><\/a><\/div><\/td><\/tr><tr class=\"wcpt-time-1200\"><td class=\"wcpt-time\">12:00<\/td><td colspan=\"1\" class=\"wcb-speaker-valerie-galassi wcb-track-amphitheatre-brisbane wcpt-session-type-session wcb-session-sorganiser-quand-on-est-free-lance-etre-productif-et-penser-a-soi\" data-track-title=\"Amphith\u00e9\u00e2tre Brisbane\" data-session-id=\"2697\"><div class=\"wcb-session-cell-content\"><a class=\"wcpt-session-title\" href=\"https:\/\/bordeaux.wordcamp.org\/2019\/session\/sorganiser-quand-on-est-free-lance-etre-productif-et-penser-a-soi\/\">S\u2019organiser quand on est freelance : \u00eatre productif et penser \u00e0 soi<\/a> <span class=\"wcpt-session-speakers\">Val\u00e9rie Galassi<\/span><\/div><div class=\"wcb-session-favourite-icon\"><a href=\"#\" role=\"button\" class=\"fav-session-button\" aria-pressed=\"false\"><span class=\"screen-reader-text\">Session pr\u00e9f\u00e9r\u00e9e\u00a0: S\u2019organiser quand on est freelance : \u00eatre productif et penser \u00e0 soi<\/span><span class=\"dashicons dashicons-star-filled\"><\/span><\/a><\/div><\/td><td colspan=\"1\" class=\"wcb-speaker-stephane-jambu wcb-track-salle-brasilia wcpt-session-type-session wcb-session-aidons-google-a-consommer-moins-delectricite\" data-track-title=\"Salle Brasilia\" data-session-id=\"2815\"><div class=\"wcb-session-cell-content\"><a class=\"wcpt-session-title\" href=\"https:\/\/bordeaux.wordcamp.org\/2019\/session\/aidons-google-a-consommer-moins-delectricite\/\">Aidons Google \u00e0 consommer moins d\u2019\u00e9lectricit\u00e9<\/a> <span class=\"wcpt-session-speakers\">St\u00e9phane Jambu<\/span><\/div><div class=\"wcb-session-favourite-icon\"><a href=\"#\" role=\"button\" class=\"fav-session-button\" aria-pressed=\"false\"><span class=\"screen-reader-text\">Session pr\u00e9f\u00e9r\u00e9e\u00a0: Aidons Google \u00e0 consommer moins d\u2019\u00e9lectricit\u00e9<\/span><span class=\"dashicons dashicons-star-filled\"><\/span><\/a><\/div><\/td><\/tr><tr class=\"wcpt-time-1230 global-session djeuner\"><td class=\"wcpt-time\">12:30<\/td><td colspan=\"2\" class=\"wcb-track-amphitheatre-brisbane wcb-track-salle-brasilia wcpt-session-type-custom wcb-session-dejeuner\" data-track-title=\"Amphith\u00e9\u00e2tre Brisbane, Salle Brasilia\" data-session-id=\"2712\"><div class=\"wcb-session-cell-content\"><span class=\"wcpt-session-title\">D\u00e9jeuner<\/span><\/div><\/td><\/tr><tr class=\"wcpt-time-1400\"><td class=\"wcpt-time\">14:00<\/td><td colspan=\"1\" class=\"wcb-speaker-jean-philippe-souyris wcb-track-amphitheatre-brisbane wcpt-session-type-session wcb-session-e-commerce-comment-assurer-la-conformite-juridique-dun-site-web-en-2019\" data-track-title=\"Amphith\u00e9\u00e2tre Brisbane\" data-session-id=\"2701\"><div class=\"wcb-session-cell-content\"><a class=\"wcpt-session-title\" href=\"https:\/\/bordeaux.wordcamp.org\/2019\/session\/e-commerce-comment-assurer-la-conformite-juridique-dun-site-web-en-2019\/\">E-commerce : Comment assurer la conformit\u00e9 juridique d\u2019un site web en 2019 ?<\/a> <span class=\"wcpt-session-speakers\">Jean-Philippe SOUYRIS<\/span><\/div><div class=\"wcb-session-favourite-icon\"><a href=\"#\" role=\"button\" class=\"fav-session-button\" aria-pressed=\"false\"><span class=\"screen-reader-text\">Session pr\u00e9f\u00e9r\u00e9e\u00a0: E-commerce : Comment assurer la conformit\u00e9 juridique d\u2019un site web en 2019 ?<\/span><span class=\"dashicons dashicons-star-filled\"><\/span><\/a><\/div><\/td><td colspan=\"1\" class=\"wcb-speaker-thomas-villain wcb-track-salle-brasilia wcpt-session-type-session wcb-session-un-design-equitable\" data-track-title=\"Salle Brasilia\" data-session-id=\"2822\"><div class=\"wcb-session-cell-content\"><a class=\"wcpt-session-title\" href=\"https:\/\/bordeaux.wordcamp.org\/2019\/session\/un-design-equitable\/\">Un design \u00e9quitable<\/a> <span class=\"wcpt-session-speakers\">Thomas Villain<\/span><\/div><div class=\"wcb-session-favourite-icon\"><a href=\"#\" role=\"button\" class=\"fav-session-button\" aria-pressed=\"false\"><span class=\"screen-reader-text\">Session pr\u00e9f\u00e9r\u00e9e\u00a0: Un design \u00e9quitable<\/span><span class=\"dashicons dashicons-star-filled\"><\/span><\/a><\/div><\/td><\/tr><tr class=\"wcpt-time-1500\"><td class=\"wcpt-time\">15:00<\/td><td colspan=\"1\" class=\"wcb-speaker-boris-schapira wcb-track-amphitheatre-brisbane wcpt-session-type-session wcb-session-wp-super-cache-rocket-reloaded-ou-comment-suivre-et-ameliorer-la-performance-web-de-son-site-wordpress-sans-sarracher-les-cheveux\" data-track-title=\"Amphith\u00e9\u00e2tre Brisbane\" data-session-id=\"2706\"><div class=\"wcb-session-cell-content\"><a class=\"wcpt-session-title\" href=\"https:\/\/bordeaux.wordcamp.org\/2019\/session\/wp-super-cache-rocket-reloaded-ou-comment-suivre-et-ameliorer-la-performance-web-de-son-site-wordpress-sans-sarracher-les-cheveux\/\">WP SUPER CACHE ROCKET RELOADED ou comment suivre et am\u00e9liorer la performance web de son site WordPress sans s\u2019arracher les cheveux<\/a> <span class=\"wcpt-session-speakers\">Boris Schapira<\/span><\/div><div class=\"wcb-session-favourite-icon\"><a href=\"#\" role=\"button\" class=\"fav-session-button\" aria-pressed=\"false\"><span class=\"screen-reader-text\">Session pr\u00e9f\u00e9r\u00e9e\u00a0: WP SUPER CACHE ROCKET RELOADED ou comment suivre et am\u00e9liorer la performance web de son site WordPress sans s\u2019arracher les cheveux<\/span><span class=\"dashicons dashicons-star-filled\"><\/span><\/a><\/div><\/td><td colspan=\"1\" class=\"wcb-speaker-raphael-yharrassarry wcb-track-salle-brasilia wcpt-session-type-session wcb-session-du-design-de-lattention-a-lethique-du-designer\" data-track-title=\"Salle Brasilia\" data-session-id=\"2824\"><div class=\"wcb-session-cell-content\"><a class=\"wcpt-session-title\" href=\"https:\/\/bordeaux.wordcamp.org\/2019\/session\/du-design-de-lattention-a-lethique-du-designer\/\">Du design de l\u2019attention \u00e0 l\u2019\u00e9thique du designer<\/a> <span class=\"wcpt-session-speakers\">Rapha\u00ebl Yharrassarry<\/span><\/div><div class=\"wcb-session-favourite-icon\"><a href=\"#\" role=\"button\" class=\"fav-session-button\" aria-pressed=\"false\"><span class=\"screen-reader-text\">Session pr\u00e9f\u00e9r\u00e9e\u00a0: Du design de l\u2019attention \u00e0 l\u2019\u00e9thique du designer<\/span><span class=\"dashicons dashicons-star-filled\"><\/span><\/a><\/div><\/td><\/tr><tr class=\"wcpt-time-1600 global-session pause\"><td class=\"wcpt-time\">16:00<\/td><td colspan=\"2\" class=\"wcb-track-amphitheatre-brisbane wcb-track-salle-brasilia wcpt-session-type-custom wcb-session-pause-2\" data-track-title=\"Amphith\u00e9\u00e2tre Brisbane, Salle Brasilia\" data-session-id=\"2714\"><div class=\"wcb-session-cell-content\"><span class=\"wcpt-session-title\">Pause<\/span><\/div><\/td><\/tr><tr class=\"wcpt-time-1630\"><td class=\"wcpt-time\">16:30<\/td><td colspan=\"1\" class=\"wcb-speaker-stephanie-laporte wcb-track-amphitheatre-brisbane wcpt-session-type-session wcb-session-reseaux-sociaux-de-la-visibilite-a-la-rentabilite\" data-track-title=\"Amphith\u00e9\u00e2tre Brisbane\" data-session-id=\"2703\"><div class=\"wcb-session-cell-content\"><a class=\"wcpt-session-title\" href=\"https:\/\/bordeaux.wordcamp.org\/2019\/session\/reseaux-sociaux-de-la-visibilite-a-la-rentabilite\/\">R\u00e9seaux sociaux, de la visibilit\u00e9 \u00e0 la rentabilit\u00e9<\/a> <span class=\"wcpt-session-speakers\">St\u00e9phanie Laporte<\/span><\/div><div class=\"wcb-session-favourite-icon\"><a href=\"#\" role=\"button\" class=\"fav-session-button\" aria-pressed=\"false\"><span class=\"screen-reader-text\">Session pr\u00e9f\u00e9r\u00e9e\u00a0: R\u00e9seaux sociaux, de la visibilit\u00e9 \u00e0 la rentabilit\u00e9<\/span><span class=\"dashicons dashicons-star-filled\"><\/span><\/a><\/div><\/td><td colspan=\"1\" class=\"wcb-speaker-thomasdeneulin wcb-track-salle-brasilia wcpt-session-type-session wcb-session-comment-aborder-la-transition-wordpress-et-javascript\" data-track-title=\"Salle Brasilia\" data-session-id=\"2826\"><div class=\"wcb-session-cell-content\"><a class=\"wcpt-session-title\" href=\"https:\/\/bordeaux.wordcamp.org\/2019\/session\/comment-aborder-la-transition-wordpress-et-javascript\/\">Comment aborder la transition WordPress et JavaScript<\/a> <span class=\"wcpt-session-speakers\">Thomas Deneulin<\/span><\/div><div class=\"wcb-session-favourite-icon\"><a href=\"#\" role=\"button\" class=\"fav-session-button\" aria-pressed=\"false\"><span class=\"screen-reader-text\">Session pr\u00e9f\u00e9r\u00e9e\u00a0: Comment aborder la transition WordPress et JavaScript<\/span><span class=\"dashicons dashicons-star-filled\"><\/span><\/a><\/div><\/td><\/tr><tr class=\"wcpt-time-1730\"><td class=\"wcpt-time\">17:30<\/td><td colspan=\"1\" class=\"wcb-speaker-anaelle-sorignet wcb-track-amphitheatre-brisbane wcpt-session-type-session wcb-session-slow-content-publier-moins-publier-mieux\" data-track-title=\"Amphith\u00e9\u00e2tre Brisbane\" data-session-id=\"2707\"><div class=\"wcb-session-cell-content\"><a class=\"wcpt-session-title\" href=\"https:\/\/bordeaux.wordcamp.org\/2019\/session\/slow-content-publier-moins-publier-mieux\/\">Slow content : publier moins, publier mieux<\/a> <span class=\"wcpt-session-speakers\">Anaelle Sorignet<\/span><\/div><div class=\"wcb-session-favourite-icon\"><a href=\"#\" role=\"button\" class=\"fav-session-button\" aria-pressed=\"false\"><span class=\"screen-reader-text\">Session pr\u00e9f\u00e9r\u00e9e\u00a0: Slow content : publier moins, publier mieux<\/span><span class=\"dashicons dashicons-star-filled\"><\/span><\/a><\/div><\/td><td colspan=\"1\" class=\"wcb-speaker-sebastien-serre wcb-track-salle-brasilia wcpt-session-type-session wcb-session-contribuer-au-projet-wordpress-sans-etre-developpeur-cest-possible\" data-track-title=\"Salle Brasilia\" data-session-id=\"2828\"><div class=\"wcb-session-cell-content\"><a class=\"wcpt-session-title\" href=\"https:\/\/bordeaux.wordcamp.org\/2019\/session\/contribuer-au-projet-wordpress-sans-etre-developpeur-cest-possible\/\">Contribuer au projet WordPress sans \u00eatre d\u00e9veloppeur\u00a0? C\u2019est possible\u00a0!<\/a> <span class=\"wcpt-session-speakers\">S\u00e9bastien Serre<\/span><\/div><div class=\"wcb-session-favourite-icon\"><a href=\"#\" role=\"button\" class=\"fav-session-button\" aria-pressed=\"false\"><span class=\"screen-reader-text\">Session pr\u00e9f\u00e9r\u00e9e\u00a0: Contribuer au projet WordPress sans \u00eatre d\u00e9veloppeur\u00a0? C\u2019est possible\u00a0!<\/span><span class=\"dashicons dashicons-star-filled\"><\/span><\/a><\/div><\/td><\/tr><tr class=\"wcpt-time-1800 global-session confrence-de-fermeture\"><td class=\"wcpt-time\">18:00<\/td><td colspan=\"2\" class=\"wcb-track-amphitheatre-brisbane wcb-track-salle-brasilia wcpt-session-type-custom wcb-session-conference-de-fermeture\" data-track-title=\"Amphith\u00e9\u00e2tre Brisbane, Salle Brasilia\" data-session-id=\"2716\"><div class=\"wcb-session-cell-content\"><span class=\"wcpt-session-title\">Conf\u00e9rence de fermeture<\/span><\/div><\/td><\/tr><\/tbody><\/table>\n\t<div class=\"email-form fav-session-email-form-hide\">\n\t\t<!-- Tab links -->\n\t\t<div class=\"fav-session-share-tab\">\n\t\t\t\t\t\t\t<div class=\"fav-session-tablinks\" id=\"fav-session-btn-email\">\n\t\t\t\t\tE-mail\t\t\t\t<\/div>\n\t\t\t\n\t\t\t<div class=\"fav-session-tablinks\" id=\"fav-session-btn-link\">\n\t\t\t\tLien\t\t\t<\/div>\n\n\t\t\t<div class=\"fav-session-tablinks\" id=\"fav-session-btn-print\">\n\t\t\t\tImprimer\t\t\t<\/div>\n\t\t<\/div>\n\n\t\t<!-- Tab content -->\n\t\t\t\t\t<div id=\"fav-session-tab-email\" class=\"fav-session-share-tabcontent\">\n\t\t\t\t<div id=\"fav-session-email-form\">\n\t\t\t\t\tM\u2019envoyer mes sessions favorites\u00a0:\n\t\t\t\t\t<form id=\"fav-sessions-form\">\n\t\t\t\t\t\t<input\n\t\t\t\t\t\t\ttype=\"text\"\n\t\t\t\t\t\t\tname=\"email_address\"\n\t\t\t\t\t\t\tid=\"fav-sessions-email-address\"\n\t\t\t\t\t\t\tplaceholder=\"me@protonmail.com\"\n\t\t\t\t\t\t\/>\n\t\t\t\t\t\t<input type=\"submit\" value=\"Envoyer\" \/>\n\t\t\t\t\t<\/form>\n\t\t\t\t<\/div>\n\n\t\t\t\t<div class=\"fav-session-email-wait-spinner\"><\/div>\n\t\t\t\t<div class=\"fav-session-email-result\"><\/div>\n\t\t\t<\/div>\n\t\t\n\t\t<div id=\"fav-session-tab-link\" class=\"fav-session-share-tabcontent\">\n\t\t\tLien partageable\u00a0:\t\t\t<br \/>\n\t\t\t<a id=\"fav-sessions-link\" href=\"\"><\/a>\n\t\t<\/div>\n\n\t\t<div id=\"fav-session-tab-print\" class=\"fav-session-share-tabcontent\">\n\t\t\t<button id=\"fav-session-print\">\n\t\t\t\tAfficher les sessions favorites\t\t\t<\/button>\n\t\t<\/div>\n\t<\/div>\n\n\t<a class=\"show-email-form\" href=\"javascript:\">\n\t\t<span class=\"dashicons dashicons-star-filled\"><\/span>\n\t\t<span class=\"dashicons dashicons-email-alt\"><\/span>\n\t<\/a>\n\n\t\n","protected":false},"excerpt":{"rendered":"","protected":false},"author":13823299,"featured_media":0,"parent":0,"menu_order":0,"comment_status":"closed","ping_status":"closed","template":"","meta":{"_crdt_document":"","jetpack_post_was_ever_published":false,"footnotes":""},"class_list":["post-7","page","type-page","status-publish","hentry"],"jetpack_sharing_enabled":true,"_links":{"self":[{"href":"https:\/\/bordeaux.wordcamp.org\/2019\/wp-json\/wp\/v2\/pages\/7","targetHints":{"allow":["GET"]}}],"collection":[{"href":"https:\/\/bordeaux.wordcamp.org\/2019\/wp-json\/wp\/v2\/pages"}],"about":[{"href":"https:\/\/bordeaux.wordcamp.org\/2019\/wp-json\/wp\/v2\/types\/page"}],"author":[{"embeddable":true,"href":"https:\/\/bordeaux.wordcamp.org\/2019\/wp-json\/wp\/v2\/users\/13823299"}],"replies":[{"embeddable":true,"href":"https:\/\/bordeaux.wordcamp.org\/2019\/wp-json\/wp\/v2\/comments?post=7"}],"version-history":[{"count":4,"href":"https:\/\/bordeaux.wordcamp.org\/2019\/wp-json\/wp\/v2\/pages\/7\/revisions"}],"predecessor-version":[{"id":2700,"href":"https:\/\/bordeaux.wordcamp.org\/2019\/wp-json\/wp\/v2\/pages\/7\/revisions\/2700"}],"wp:attachment":[{"href":"https:\/\/bordeaux.wordcamp.org\/2019\/wp-json\/wp\/v2\/media?parent=7"}],"curies":[{"name":"wp","href":"https:\/\/api.w.org\/{rel}","templated":true}]}}